{"id":17123,"date":"2024-02-09T12:14:02","date_gmt":"2024-02-09T11:14:02","guid":{"rendered":"https:\/\/tajimaeurope.com\/guide-brodeuse-professionnelle\/"},"modified":"2025-05-19T13:43:41","modified_gmt":"2025-05-19T11:43:41","slug":"guide-brodeuse-professionnelle","status":"publish","type":"page","link":"https:\/\/tajvitclone.comandsee.website\/fr\/guide-brodeuse-professionnelle\/","title":{"rendered":"Tout savoir sur les brodeuses professionnelles &#8211; Recap"},"content":{"rendered":"<h1><a href=\"https:\/\/tajvitclone.comandsee.website\/guide-brodeuse-professionnelle\/brodeuse-professionnelle-guide-complet-conseils\/\">Tout savoir sur les brodeuses professionnelles<\/a><\/h1>\n<h2><a href=\"https:\/\/tajvitclone.comandsee.website\/guide-brodeuse-professionnelle\/brodeuse-professionnelle-quoi-c-est\/\">Qu&rsquo;est-ce qu&rsquo;une brodeuse professionnelle ?<\/a><\/h2>\n<p><strong><a href=\"https:\/\/tajvitclone.comandsee.website\/guide-brodeuse-professionnelle\/brodeuse-professionnelle-composantes-cles-connaitre\/\">Quelles sont les composantes d&rsquo;une brodeuse professionnelle ?<\/a><\/strong><\/p>\n<p><strong><a href=\"https:\/\/tajvitclone.comandsee.website\/guide-brodeuse-professionnelle\/brodeuse-professionnelle-comment-fonctionne\/\">Comment fonctionne une brodeuse professionnelle ?<\/a><\/strong><\/p>\n<p><strong><a href=\"https:\/\/tajvitclone.comandsee.website\/guide-brodeuse-professionnelle\/brodeuse-professionnelle-differences-modeles-standards\/\">Quelles sont les diff\u00e9rences entre les brodeuses professionnelles et les autres ?<\/a><\/strong><\/p>\n<p><strong><a href=\"https:\/\/tajvitclone.comandsee.website\/guide-brodeuse-professionnelle\/brodeuse-professionnelle-dernieres-innovations\/\">Quelles sont les innovations r\u00e9centes dans le domaine des brodeuses professionnelles ?<\/a><\/strong><\/p>\n<p><strong><a href=\"https:\/\/tajvitclone.comandsee.website\/guide-brodeuse-professionnelle\/brodeuse-professionnelle-types-broderies-realiser\/\">Quels sont les diff\u00e9rents types de broderies qu&rsquo;une machine professionnelle peut r\u00e9aliser ?<\/a><\/strong><\/p>\n<p><strong><a href=\"https:\/\/tajvitclone.comandsee.website\/guide-brodeuse-professionnelle\/brodeuse-professionnelle-avantages-inconvenients-vs-broderie-main\/\">Quels sont les avantages et inconv\u00e9nients d&rsquo;utiliser une brodeuse professionnelle par rapport \u00e0 la broderie \u00e0 main ?<\/a><\/strong><\/p>\n<h2><a href=\"https:\/\/tajvitclone.comandsee.website\/guide-brodeuse-professionnelle\/brodeuse-professionnelle-gagner-vie-autoentrepreneur\/\">Comment gagner sa vie en tant qu&rsquo;autoentrepreneur avec une brodeuse professionnelle ?<\/a><\/h2>\n<p><strong><a href=\"https:\/\/tajvitclone.comandsee.website\/guide-brodeuse-professionnelle\/brodeuse-professionnelle-competences-reussir\/\">Quelles comp\u00e9tences sont n\u00e9cessaires pour devenir un brodeur professionnel ?<\/a><\/strong><\/p>\n<p><strong><a href=\"https:\/\/tajvitclone.comandsee.website\/guide-brodeuse-professionnelle\/brodeuse-professionnelle-meilleurs-marches-autoentrepreneurs\/\">Quels sont les meilleurs march\u00e9s pour un autoentrepreneur utilisant une brodeuse professionnelle ?<\/a><\/strong><\/p>\n<p><strong><a href=\"https:\/\/tajvitclone.comandsee.website\/guide-brodeuse-professionnelle\/brodeuse-professionnelle-defis-independants\/\">Quels sont les d\u00e9fis rencontr\u00e9s par les brodeurs professionels ind\u00e9pendants ?<\/a><\/strong><\/p>\n<p><a href=\"https:\/\/tajvitclone.comandsee.website\/guide-brodeuse-professionnelle\/brodeuse-professionnelle-comment-fixer-tarifs\/\">Comment d\u00e9terminer le juste prix pour des services de broderie professionnelle en tant qu&rsquo;autoentrepreneur ?<\/a><\/p>\n<p><a href=\"https:\/\/tajvitclone.comandsee.website\/guide-brodeuse-professionnelle\/brodeuse-professionnelle-defis-autoentrepreneur-solutions\/\">Quels sont les obstacles auxquels un autoentrepreneur avec une brodeuse professionnelle pourrait \u00eatre confront\u00e9 et comment les surmonter ?<\/a><\/p>\n<p><a href=\"https:\/\/tajvitclone.comandsee.website\/guide-brodeuse-professionnelle\/brodeuse-professionnelle-strategies-marketing-autoentrepreneurs\/\">Quelles sont les strat\u00e9gies marketing efficaces pour un autoentrepreneur avec une brodeuse professionnelle ?<\/a><\/p>\n<p><a href=\"https:\/\/tajvitclone.comandsee.website\/guide-brodeuse-professionnelle\/brodeuse-professionnelle-augmenter-productivite-autoentrepreneur\/\">Comment une brodeuse professionnelle peut-elle augmenter la productivit\u00e9 d&rsquo;un autoentrepreneur ?<\/a><\/p>\n<p><strong><a href=\"https:\/\/tajvitclone.comandsee.website\/guide-brodeuse-professionnelle\/brodeuse-professionnelle-aides-auto-entrepreneurs\/\">Existe-t-il des subventions ou des aides financi\u00e8res pour les auto-entrepreneurs qui acqui\u00e8rent une brodeuse professionnelle ?<\/a><\/strong><\/p>\n<p><strong><a href=\"https:\/\/tajvitclone.comandsee.website\/guide-brodeuse-professionnelle\/brodeuse-professionnelle-former-ligne-possible\/\">Peut-on se former en ligne pour utiliser une brodeuse professionnelle ?<\/a><\/strong><\/p>\n<h2><a href=\"https:\/\/tajvitclone.comandsee.website\/guide-brodeuse-professionnelle\/brodeuse-professionnelle-optimiser-utilisation-broderie\/\">Comment optimiser l&rsquo;utilisation d&rsquo;une brodeuse professionnelle ?<\/a><\/h2>\n<p><strong><a href=\"https:\/\/tajvitclone.comandsee.website\/guide-brodeuse-professionnelle\/brodeuse-professionnelle-comment-aider-personnalisation-textile\/\">Comment la brodeuse professionnelle peut-elle aider \u00e0 la personnalisation textile ?<\/a><\/strong><\/p>\n<p><strong><a href=\"https:\/\/tajvitclone.comandsee.website\/guide-brodeuse-professionnelle\/brodeuse-professionnelle-logiciels-broderie-compatibles\/\">Quels sont les logiciels de broderie compatibles avec une brodeuse professionnelle ?<\/a><\/strong><\/p>\n<p><strong><a href=\"https:\/\/tajvitclone.comandsee.website\/guide-brodeuse-professionnelle\/brodeuse-professionnelle-ameliorer-precision-motifs\/\">Comment am\u00e9liorer la pr\u00e9cision des motifs avec une brodeuse professionnelle ?<\/a><\/strong><\/p>\n<p><strong><a href=\"https:\/\/tajvitclone.comandsee.website\/guide-brodeuse-professionnelle\/brodeuse-professionnelle-astuces-maximiser-rendement\/\">Quelles astuces pour maximiser le rendement d&rsquo;une brodeuse professionnelle ?<\/a><\/strong><\/p>\n<p><strong><a href=\"https:\/\/tajvitclone.comandsee.website\/guide-brodeuse-professionnelle\/brodeuse-professionnelle-resolution-problemes-courants\/\">Comment r\u00e9soudre les probl\u00e8mes de fonctionnement courants d&rsquo;une brodeuse professionnelle ?<\/a><\/strong><\/p>\n<h2><a href=\"https:\/\/tajvitclone.comandsee.website\/guide-brodeuse-professionnelle\/brodeuse-professionnelle-conseils-utilisation-entretien\/\">Comment bien utiliser et entretenir sa brodeuse professionnelle ?<\/a><\/h2>\n<p><strong><a href=\"https:\/\/tajvitclone.comandsee.website\/guide-brodeuse-professionnelle\/brodeuse-professionnelle-materiaux-utiliser\/\">Quels types de mat\u00e9riaux sont compatibles avec les brodeuses professionnelles ?<\/a><\/strong><\/p>\n<p><strong><a href=\"https:\/\/tajvitclone.comandsee.website\/guide-brodeuse-professionnelle\/brodeuse-professionnelle-positionner-textile\/\">Comment bien positionner son textile sur une brodeuse professionnelle ?<\/a><\/strong><\/p>\n<p><strong><a href=\"https:\/\/tajvitclone.comandsee.website\/guide-brodeuse-professionnelle\/brodeuse-professionnelle-role-logiciels-utilisation\/\">Quel est le r\u00f4le des logiciels dans l&rsquo;utilisation des brodeuses professionnelles ?<\/a><\/strong><\/p>\n<p><strong><a href=\"https:\/\/tajvitclone.comandsee.website\/guide-brodeuse-professionnelle\/brodeuse-professionnelle-comment-regler-tension-fil\/\">Comment r\u00e9gner la tension du fil sur une brodeuse professionnelle ?<\/a><\/strong><\/p>\n<p><strong><a href=\"https:\/\/tajvitclone.comandsee.website\/guide-brodeuse-professionnelle\/brodeuse-professionnelle-optimiser-temps-travail\/\">Comment optimiser son temps de travail avec une brodeuse professionnelle ?<\/a><\/strong><\/p>\n<p><a href=\"https:\/\/tajvitclone.comandsee.website\/guide-brodeuse-professionnelle\/brodeuse-professionnelle-erreurs-eviter-utilisation\/\">Quelles sont les erreurs \u00e0 ne pas commettre lorsqu&rsquo;on utilise une brodeuse professionnelle ?<\/a><\/p>\n<p><a href=\"https:\/\/tajvitclone.comandsee.website\/guide-brodeuse-professionnelle\/brodeuse-professionnelle-programmer-machine\/\">Quel est le processus pour bien programmer sa brodeuse professionnelle ?<\/a><\/p>\n<p><strong><a href=\"https:\/\/tajvitclone.comandsee.website\/guide-brodeuse-professionnelle\/brodeuse-professionnelle-conseils-prolonger-duree-vie\/\">Comment entretenir et prolonger la dur\u00e9e de vie de votre brodeuse professionnelle ?<\/a><\/strong><\/p>\n<p><a href=\"https:\/\/tajvitclone.comandsee.website\/guide-brodeuse-professionnelle\/brodeuse-professionnelle-comment-nettoyer-apres-utilisation\/\">Comment bien nettoyer sa brodeuse professionnelle apr\u00e8s utilisation ?<\/a><\/p>\n<p><a href=\"https:\/\/tajvitclone.comandsee.website\/guide-brodeuse-professionnelle\/brodeuse-professionnelle-gestes-eviter-ne-pas-endommager\/\">Quels sont les gestes \u00e0 \u00e9viter pour ne pas endommager sa brodeuse professionnelle ?<\/a><\/p>\n<h2><a href=\"https:\/\/tajvitclone.comandsee.website\/guide-brodeuse-professionnelle\/brodeuse-professionnelle-choisir-bonne-machine-tant-independant\/\">Comment choisir la bonne brodeuse professionnelle en tant qu&rsquo;ind\u00e9pendant ?<\/a><\/h2>\n<p><strong><a href=\"https:\/\/tajvitclone.comandsee.website\/guide-brodeuse-professionnelle\/brodeuse-professionnelle-optimiser-investissement-tant-independant\/\">Comment un ind\u00e9pendant peut-il maximiser son investissement dans une brodeuse professionnelle ?<\/a><\/strong><\/p>\n<p><strong><a href=\"https:\/\/tajvitclone.comandsee.website\/guide-brodeuse-professionnelle\/brodeuse-professionnelle-connaitre-details-techniques-avant-achat\/\">Quels sont les d\u00e9tails techniques \u00e0 conna\u00eetre avant d&rsquo;acheter une brodeuse professionnelle en tant qu&rsquo;ind\u00e9pendant ?<\/a><\/strong><\/p>\n<p><strong><a href=\"https:\/\/tajvitclone.comandsee.website\/guide-brodeuse-professionnelle\/brodeuse-professionnelle-evaluer-rapport-qualite-prix\/\">Comment faire l&rsquo;\u00e9valuation du rapport qualit\u00e9-prix d&rsquo;une brodeuse professionnelle en tant qu&rsquo;ind\u00e9pendant ?<\/a><\/strong><\/p>\n<p><strong><a href=\"https:\/\/tajvitclone.comandsee.website\/guide-brodeuse-professionnelle\/brodeuse-professionnelle-importance-formation-technique\/\">Quelle est l&rsquo;importance de la formation technique pour l&rsquo;utilisation d&rsquo;une brodeuse professionnelle pour un ind\u00e9pendant ?<\/a><\/strong><\/p>\n<p><strong><a href=\"https:\/\/tajvitclone.comandsee.website\/guide-brodeuse-professionnelle\/brodeuse-professionnelle-gerer-problemes-techniques-courants\/\">Comment g\u00e9rer les probl\u00e8mes techniques courants d&rsquo;une brodeuse professionnelle en tant qu&rsquo;ind\u00e9pendant ?<\/a><\/strong><\/p>\n<p><strong><a href=\"https:\/\/tajvitclone.comandsee.website\/guide-brodeuse-professionnelle\/brodeuse-professionnelle-criteres-choix-meilleur-fil\/\">Quels sont les crit\u00e8res pour choisir le meilleur fil pour une brodeuse professionnelle ?<\/a><\/strong><\/p>\n<h2><a href=\"https:\/\/tajvitclone.comandsee.website\/guide-brodeuse-professionnelle\/brodeuse-professionnelle-cout-machine\/\">Combien co\u00fbtent les brodeuses professionnelles ?<\/a><\/h2>\n<p><strong><a href=\"https:\/\/tajvitclone.comandsee.website\/guide-brodeuse-professionnelle\/brodeuse-professionnelle-marques-reconnues-gammes-prix\/\">Quelles sont les marques reconnues de brodeuses professionnelles et leurs gammes de prix ?<\/a><\/strong><\/p>\n<p><strong><a href=\"https:\/\/tajvitclone.comandsee.website\/guide-brodeuse-professionnelle\/brodeuse-professionnelle-options-financement-achat\/\">Existe-t-il des options de financement pour l&rsquo;achat d&rsquo;une brodeuse professionnelle ?<\/a><\/strong><\/p>\n<p><strong><a href=\"https:\/\/tajvitclone.comandsee.website\/guide-brodeuse-professionnelle\/brodeuse-professionnelle-cout-impact-performance\/\">Comment le co\u00fbt d&rsquo;une brodeuse professionnelle influence-t-il sa performance ?<\/a><\/strong><\/p>\n<p><strong><a href=\"https:\/\/tajvitclone.comandsee.website\/guide-brodeuse-professionnelle\/brodeuse-professionnelle-facteurs-influencent-cout\/\">Quels sont les facteurs pouvant influencer le co\u00fbt d&rsquo;une brodeuse professionnelle ?<\/a><\/strong><\/p>\n<p><strong><a href=\"https:\/\/tajvitclone.comandsee.website\/guide-brodeuse-professionnelle\/brodeuse-professionnelle-economiser-occasion\/\">Peut-on r\u00e9aliser des \u00e9conomies en achetant une brodeuse professionnelle d&rsquo;occasion ?<\/a><\/strong><\/p>\n<p><strong><a href=\"https:\/\/tajvitclone.comandsee.website\/guide-brodeuse-professionnelle\/brodeuse-professionnelle-comparateurs-ligne-evaluer-cout\/\">Existe-t-il des comparateurs en ligne pour \u00e9valuer le co\u00fbt des brodeuses professionnelles ?<\/a><\/strong><\/p>\n<p><strong><a href=\"https:\/\/tajvitclone.comandsee.website\/guide-brodeuse-professionnelle\/brodeuse-professionnelle-calcul-cout-entretien-reparation\/\">Comment le co\u00fbt d&rsquo;entretien et de r\u00e9paration entre-t-il dans le calcul du co\u00fbt total d&rsquo;une brodeuse professionnelle ?<\/a><\/strong><\/p>\n","protected":false},"excerpt":{"rendered":"<p>Tout savoir sur les brodeuses professionnelles Qu&rsquo;est-ce qu&rsquo;une brodeuse professionnelle ? Quelles sont les composantes d&rsquo;une brodeuse professionnelle ? Comment fonctionne une brodeuse professionnelle ? Quelles sont les diff\u00e9rences entre les brodeuses professionnelles et les autres ? Quelles sont les innovations r\u00e9centes dans le domaine des brodeuses professionnelles ? Quels sont les diff\u00e9rents types de&hellip;&nbsp;<a href=\"https:\/\/tajvitclone.comandsee.website\/fr\/guide-brodeuse-professionnelle\/\" rel=\"bookmark\">Lire la suite &raquo;<span class=\"screen-reader-text\">Tout savoir sur les brodeuses professionnelles &#8211; Recap<\/span><\/a><\/p>\n","protected":false},"author":6,"featured_media":0,"parent":0,"menu_order":0,"comment_status":"closed","ping_status":"closed","template":"","meta":{"_acf_changed":false,"neve_meta_sidebar":"","neve_meta_container":"","neve_meta_enable_content_width":"","neve_meta_content_width":0,"neve_meta_title_alignment":"","neve_meta_author_avatar":"","neve_post_elements_order":"","neve_meta_disable_header":"","neve_meta_disable_footer":"","neve_meta_disable_title":"","footnotes":""},"class_list":["post-17123","page","type-page","status-publish","hentry"],"acf":[],"yoast_head":"<!-- This site is optimized with the Yoast SEO plugin v27.5 - https:\/\/yoast.com\/product\/yoast-seo-wordpress\/ -->\n<title>Tout savoir sur les brodeuses professionnelles - Recap - Tajima Europe<\/title>\n<meta name=\"robots\" content=\"index, follow, max-snippet:-1, max-image-preview:large, max-video-preview:-1\" \/>\n<link rel=\"canonical\" href=\"https:\/\/tajvitclone.comandsee.website\/fr\/guide-brodeuse-professionnelle\/\" \/>\n<meta property=\"og:locale\" content=\"fr_FR\" \/>\n<meta property=\"og:type\" content=\"article\" \/>\n<meta property=\"og:title\" content=\"Tout savoir sur les brodeuses professionnelles - Recap - Tajima Europe\" \/>\n<meta property=\"og:description\" content=\"Tout savoir sur les brodeuses professionnelles Qu&rsquo;est-ce qu&rsquo;une brodeuse professionnelle ? Quelles sont les composantes d&rsquo;une brodeuse professionnelle ? Comment fonctionne une brodeuse professionnelle ? Quelles sont les diff\u00e9rences entre les brodeuses professionnelles et les autres ? Quelles sont les innovations r\u00e9centes dans le domaine des brodeuses professionnelles ? Quels sont les diff\u00e9rents types de&hellip;&nbsp;Lire la suite &raquo;Tout savoir sur les brodeuses professionnelles &#8211; Recap\" \/>\n<meta property=\"og:url\" content=\"https:\/\/tajvitclone.comandsee.website\/fr\/guide-brodeuse-professionnelle\/\" \/>\n<meta property=\"og:site_name\" content=\"Tajima Europe\" \/>\n<meta property=\"article:modified_time\" content=\"2025-05-19T11:43:41+00:00\" \/>\n<meta property=\"og:image\" content=\"https:\/\/tajvitclone.comandsee.website\/wp-content\/uploads\/2022\/09\/favicon-Tajima.png\" \/>\n\t<meta property=\"og:image:width\" content=\"512\" \/>\n\t<meta property=\"og:image:height\" content=\"512\" \/>\n\t<meta property=\"og:image:type\" content=\"image\/png\" \/>\n<meta name=\"twitter:card\" content=\"summary_large_image\" \/>\n<meta name=\"twitter:label1\" content=\"Dur\u00e9e de lecture estim\u00e9e\" \/>\n\t<meta name=\"twitter:data1\" content=\"3 minutes\" \/>\n<script type=\"application\/ld+json\" class=\"yoast-schema-graph\">{\"@context\":\"https:\\\/\\\/schema.org\",\"@graph\":[{\"@type\":\"WebPage\",\"@id\":\"https:\\\/\\\/tajvitclone.comandsee.website\\\/fr\\\/guide-brodeuse-professionnelle\\\/\",\"url\":\"https:\\\/\\\/tajvitclone.comandsee.website\\\/fr\\\/guide-brodeuse-professionnelle\\\/\",\"name\":\"Tout savoir sur les brodeuses professionnelles - Recap - Tajima Europe\",\"isPartOf\":{\"@id\":\"https:\\\/\\\/tajvitclone.comandsee.website\\\/fr\\\/#website\"},\"datePublished\":\"2024-02-09T11:14:02+00:00\",\"dateModified\":\"2025-05-19T11:43:41+00:00\",\"breadcrumb\":{\"@id\":\"https:\\\/\\\/tajvitclone.comandsee.website\\\/fr\\\/guide-brodeuse-professionnelle\\\/#breadcrumb\"},\"inLanguage\":\"fr-FR\",\"potentialAction\":[{\"@type\":\"ReadAction\",\"target\":[\"https:\\\/\\\/tajvitclone.comandsee.website\\\/fr\\\/guide-brodeuse-professionnelle\\\/\"]}]},{\"@type\":\"BreadcrumbList\",\"@id\":\"https:\\\/\\\/tajvitclone.comandsee.website\\\/fr\\\/guide-brodeuse-professionnelle\\\/#breadcrumb\",\"itemListElement\":[{\"@type\":\"ListItem\",\"position\":1,\"name\":\"Accueil\",\"item\":\"https:\\\/\\\/tajvitclone.comandsee.website\\\/fr\\\/\"},{\"@type\":\"ListItem\",\"position\":2,\"name\":\"Tout savoir sur les brodeuses professionnelles &#8211; Recap\"}]},{\"@type\":\"WebSite\",\"@id\":\"https:\\\/\\\/tajvitclone.comandsee.website\\\/fr\\\/#website\",\"url\":\"https:\\\/\\\/tajvitclone.comandsee.website\\\/fr\\\/\",\"name\":\"Tajima Europe\",\"description\":\"Les experts outils dans les m\u00e9tiers de la broderie\",\"publisher\":{\"@id\":\"https:\\\/\\\/tajvitclone.comandsee.website\\\/fr\\\/#organization\"},\"potentialAction\":[{\"@type\":\"SearchAction\",\"target\":{\"@type\":\"EntryPoint\",\"urlTemplate\":\"https:\\\/\\\/tajvitclone.comandsee.website\\\/fr\\\/?s={search_term_string}\"},\"query-input\":{\"@type\":\"PropertyValueSpecification\",\"valueRequired\":true,\"valueName\":\"search_term_string\"}}],\"inLanguage\":\"fr-FR\"},{\"@type\":\"Organization\",\"@id\":\"https:\\\/\\\/tajvitclone.comandsee.website\\\/fr\\\/#organization\",\"name\":\"Tajima Europe\",\"url\":\"https:\\\/\\\/tajvitclone.comandsee.website\\\/fr\\\/\",\"logo\":{\"@type\":\"ImageObject\",\"inLanguage\":\"fr-FR\",\"@id\":\"https:\\\/\\\/tajvitclone.comandsee.website\\\/fr\\\/#\\\/schema\\\/logo\\\/image\\\/\",\"url\":\"https:\\\/\\\/tajvitclone.comandsee.website\\\/wp-content\\\/uploads\\\/2020\\\/03\\\/logo-mail.jpg\",\"contentUrl\":\"https:\\\/\\\/tajvitclone.comandsee.website\\\/wp-content\\\/uploads\\\/2020\\\/03\\\/logo-mail.jpg\",\"width\":179,\"height\":150,\"caption\":\"Tajima Europe\"},\"image\":{\"@id\":\"https:\\\/\\\/tajvitclone.comandsee.website\\\/fr\\\/#\\\/schema\\\/logo\\\/image\\\/\"}}]}<\/script>\n<!-- \/ Yoast SEO plugin. -->","yoast_head_json":{"title":"Tout savoir sur les brodeuses professionnelles - Recap - Tajima Europe","robots":{"index":"index","follow":"follow","max-snippet":"max-snippet:-1","max-image-preview":"max-image-preview:large","max-video-preview":"max-video-preview:-1"},"canonical":"https:\/\/tajvitclone.comandsee.website\/fr\/guide-brodeuse-professionnelle\/","og_locale":"fr_FR","og_type":"article","og_title":"Tout savoir sur les brodeuses professionnelles - Recap - Tajima Europe","og_description":"Tout savoir sur les brodeuses professionnelles Qu&rsquo;est-ce qu&rsquo;une brodeuse professionnelle ? Quelles sont les composantes d&rsquo;une brodeuse professionnelle ? Comment fonctionne une brodeuse professionnelle ? Quelles sont les diff\u00e9rences entre les brodeuses professionnelles et les autres ? Quelles sont les innovations r\u00e9centes dans le domaine des brodeuses professionnelles ? Quels sont les diff\u00e9rents types de&hellip;&nbsp;Lire la suite &raquo;Tout savoir sur les brodeuses professionnelles &#8211; Recap","og_url":"https:\/\/tajvitclone.comandsee.website\/fr\/guide-brodeuse-professionnelle\/","og_site_name":"Tajima Europe","article_modified_time":"2025-05-19T11:43:41+00:00","og_image":[{"width":512,"height":512,"url":"https:\/\/tajvitclone.comandsee.website\/wp-content\/uploads\/2022\/09\/favicon-Tajima.png","type":"image\/png"}],"twitter_card":"summary_large_image","twitter_misc":{"Dur\u00e9e de lecture estim\u00e9e":"3 minutes"},"schema":{"@context":"https:\/\/schema.org","@graph":[{"@type":"WebPage","@id":"https:\/\/tajvitclone.comandsee.website\/fr\/guide-brodeuse-professionnelle\/","url":"https:\/\/tajvitclone.comandsee.website\/fr\/guide-brodeuse-professionnelle\/","name":"Tout savoir sur les brodeuses professionnelles - Recap - Tajima Europe","isPartOf":{"@id":"https:\/\/tajvitclone.comandsee.website\/fr\/#website"},"datePublished":"2024-02-09T11:14:02+00:00","dateModified":"2025-05-19T11:43:41+00:00","breadcrumb":{"@id":"https:\/\/tajvitclone.comandsee.website\/fr\/guide-brodeuse-professionnelle\/#breadcrumb"},"inLanguage":"fr-FR","potentialAction":[{"@type":"ReadAction","target":["https:\/\/tajvitclone.comandsee.website\/fr\/guide-brodeuse-professionnelle\/"]}]},{"@type":"BreadcrumbList","@id":"https:\/\/tajvitclone.comandsee.website\/fr\/guide-brodeuse-professionnelle\/#breadcrumb","itemListElement":[{"@type":"ListItem","position":1,"name":"Accueil","item":"https:\/\/tajvitclone.comandsee.website\/fr\/"},{"@type":"ListItem","position":2,"name":"Tout savoir sur les brodeuses professionnelles &#8211; Recap"}]},{"@type":"WebSite","@id":"https:\/\/tajvitclone.comandsee.website\/fr\/#website","url":"https:\/\/tajvitclone.comandsee.website\/fr\/","name":"Tajima Europe","description":"Les experts outils dans les m\u00e9tiers de la broderie","publisher":{"@id":"https:\/\/tajvitclone.comandsee.website\/fr\/#organization"},"potentialAction":[{"@type":"SearchAction","target":{"@type":"EntryPoint","urlTemplate":"https:\/\/tajvitclone.comandsee.website\/fr\/?s={search_term_string}"},"query-input":{"@type":"PropertyValueSpecification","valueRequired":true,"valueName":"search_term_string"}}],"inLanguage":"fr-FR"},{"@type":"Organization","@id":"https:\/\/tajvitclone.comandsee.website\/fr\/#organization","name":"Tajima Europe","url":"https:\/\/tajvitclone.comandsee.website\/fr\/","logo":{"@type":"ImageObject","inLanguage":"fr-FR","@id":"https:\/\/tajvitclone.comandsee.website\/fr\/#\/schema\/logo\/image\/","url":"https:\/\/tajvitclone.comandsee.website\/wp-content\/uploads\/2020\/03\/logo-mail.jpg","contentUrl":"https:\/\/tajvitclone.comandsee.website\/wp-content\/uploads\/2020\/03\/logo-mail.jpg","width":179,"height":150,"caption":"Tajima Europe"},"image":{"@id":"https:\/\/tajvitclone.comandsee.website\/fr\/#\/schema\/logo\/image\/"}}]}},"_links":{"self":[{"href":"https:\/\/tajvitclone.comandsee.website\/fr\/wp-json\/wp\/v2\/pages\/17123","targetHints":{"allow":["GET"]}}],"collection":[{"href":"https:\/\/tajvitclone.comandsee.website\/fr\/wp-json\/wp\/v2\/pages"}],"about":[{"href":"https:\/\/tajvitclone.comandsee.website\/fr\/wp-json\/wp\/v2\/types\/page"}],"author":[{"embeddable":true,"href":"https:\/\/tajvitclone.comandsee.website\/fr\/wp-json\/wp\/v2\/users\/6"}],"replies":[{"embeddable":true,"href":"https:\/\/tajvitclone.comandsee.website\/fr\/wp-json\/wp\/v2\/comments?post=17123"}],"version-history":[{"count":0,"href":"https:\/\/tajvitclone.comandsee.website\/fr\/wp-json\/wp\/v2\/pages\/17123\/revisions"}],"wp:attachment":[{"href":"https:\/\/tajvitclone.comandsee.website\/fr\/wp-json\/wp\/v2\/media?parent=17123"}],"curies":[{"name":"wp","href":"https:\/\/api.w.org\/{rel}","templated":true}]}}