{"id":16983,"date":"2024-01-25T17:49:14","date_gmt":"2024-01-25T16:49:14","guid":{"rendered":"https:\/\/tajimaeurope.com\/guide-machines-broder-professionnelles\/machines-broder-professionnelles-evolution-fil-siecles\/"},"modified":"2024-06-12T16:10:17","modified_gmt":"2024-06-12T14:10:17","slug":"machines-broder-professionnelles-evolution-fil-siecles","status":"publish","type":"page","link":"https:\/\/tajvitclone.comandsee.website\/fr\/guide-machines-broder-professionnelles\/machines-broder-professionnelles-evolution-fil-siecles\/","title":{"rendered":"L&rsquo;\u00e9volution de la machine \u00e0 broder professionnelle au fil des si\u00e8cles"},"content":{"rendered":"<p>L&rsquo;\u00e9volution de la <a href=\"https:\/\/tajvitclone.comandsee.website\/guide-machines-broder-professionnelles\/machines-broder-professionnelles-histoire-evolution-machines\/\">machine \u00e0 broder professionnelle<\/a> au fil des si\u00e8cles est un sujet fascinant, marqu\u00e9 par des avanc\u00e9es qui refl\u00e8tent le g\u00e9nie cr\u00e9atif et technique de l&rsquo;humanit\u00e9. Cet instrument, autrefois r\u00e9serv\u00e9 aux artisans les plus habiles, est pass\u00e9 des mains expertes \u00e0 des syst\u00e8mes automatis\u00e9s de grande pr\u00e9cision. Dans les premi\u00e8res phases de son d\u00e9veloppement, la broderie demandait une dext\u00e9rit\u00e9 et un temps consid\u00e9rables, mais les origines de cette pratique r\u00e9v\u00e8lent une fusion charmante entre l&rsquo;art et l&rsquo;artisanat. Avec l&rsquo;arriv\u00e9e des innovations technologiques, la machine \u00e0 broder s&rsquo;est d\u00e9mocratis\u00e9e, facilitant et acc\u00e9l\u00e9rant la cr\u00e9ation de motifs complexes. Aujourd&rsquo;hui, les <a href=\"https:\/\/tajvitclone.comandsee.website\/nos-machines-a-broder\/machines-speciales\/tcmx\/\">machines \u00e0 broder professionnelles<\/a> modernes incarnent l&rsquo;excellence de cette \u00e9volution, rendant la broderie accessible et vari\u00e9e, ouvrant ainsi un large spectre de possibilit\u00e9s pour la personnalisation textile, l&rsquo;industrie du v\u00eatement et la d\u00e9coration d&rsquo;int\u00e9rieur.<\/p>\n<p><img fetchpriority=\"high\" decoding=\"async\" class=\"alignnone  wp-image-18248\" src=\"https:\/\/tajvitclone.comandsee.website\/wp-content\/uploads\/2024\/06\/Vieille-machine-a-broder-300x200.jpg\" alt=\"vieille machine \u00e0 broder\" width=\"1172\" height=\"781\" srcset=\"https:\/\/tajvitclone.comandsee.website\/wp-content\/uploads\/2024\/06\/Vieille-machine-a-broder-300x200.jpg 300w, https:\/\/tajvitclone.comandsee.website\/wp-content\/uploads\/2024\/06\/Vieille-machine-a-broder-1024x683.jpg 1024w, https:\/\/tajvitclone.comandsee.website\/wp-content\/uploads\/2024\/06\/Vieille-machine-a-broder-768x512.jpg 768w, https:\/\/tajvitclone.comandsee.website\/wp-content\/uploads\/2024\/06\/Vieille-machine-a-broder-1536x1024.jpg 1536w, https:\/\/tajvitclone.comandsee.website\/wp-content\/uploads\/2024\/06\/Vieille-machine-a-broder-2048x1366.jpg 2048w, https:\/\/tajvitclone.comandsee.website\/wp-content\/uploads\/2024\/06\/Vieille-machine-a-broder-930x620.jpg 930w\" sizes=\"(max-width: 1172px) 100vw, 1172px\" \/><\/p>\n<h2>Les origines de la broderie et les premi\u00e8res machines<\/h2>\n<p>La broderie est un art et une pratique ancestrale qui trouve ses racines dans diff\u00e9rentes civilisations anciennes du monde entier. Elle \u00e9tait alors largement r\u00e9alis\u00e9e \u00e0 la main, selon diverses techniques d\u00e9pendant des r\u00e9gions et des cultures. L&rsquo;\u00e9mergence des premi\u00e8res machines \u00e0 broder marque un tournant essentiel dans l&rsquo;histoire de la broderie, facilitant ce proc\u00e9d\u00e9 artisanal et rendant possible la production de pi\u00e8ces plus complexes.<\/p>\n<p>Au d\u00e9but du XIX<sup>e<\/sup> si\u00e8cle, avec les premiers balbutiements de la r\u00e9volution industrielle, les machines \u00e0 coudre manuelles ont fait leur apparition, simplifiant le processus de couture pour les <strong>artisans textile<\/strong>. Cependant, il faudra attendre la seconde moiti\u00e9 du XIX<sup>e<\/sup> si\u00e8cle pour voir appara\u00eetre les toutes premi\u00e8res machines \u00e0 broder m\u00e9caniques. Ces machines \u00e9taient certes rudimentaires par rapport aux mod\u00e8les que nous connaissons aujourd&rsquo;hui, mais elles ont permis d&rsquo;acc\u00e9l\u00e9rer consid\u00e9rablement le travail des <strong>brodeurs professionnels<\/strong> en automatisant certaines t\u00e2ches manuelles auparavant fastidieuses.<\/p>\n<p>Le m\u00e9tier de Lampas (aussi appel\u00e9 \u00ab\u00a0embroidering loom\u00a0\u00bb ou \u00ab\u00a0Cornely machine\u00a0\u00bb), invent\u00e9 en 1834 par Josu\u00e9 Heilmann, a \u00e9t\u00e9 le pr\u00e9curseur des machines \u00e0 broder modernes. Il s&rsquo;agissait d&rsquo;un <strong>m\u00e9tier m\u00e9canique<\/strong> permettant l&rsquo;acc\u00e9l\u00e9ration notable de la r\u00e9alisation des motifs complexes. Parall\u00e8lement \u00e0 son invention, d&rsquo;autres contributions significatives ont \u00e9t\u00e9 apport\u00e9es dans le domaine, telles l&rsquo;invention de la machine \u00e0 broder Cornely en 1860, qui marquait une \u00e9volution majeure des machines \u00e0 broder, facilitant encore davantage cette pratique pour les professionnels.<\/p>\n<p>Ces premi\u00e8res machines ont impuls\u00e9 un r\u00e9el changement dans l&rsquo;industrie textile et particip\u00e9 \u00e0 l&rsquo;essor de la <strong>production en masse<\/strong>. Le d\u00e9veloppement technologique s&rsquo;est depuis poursuivi sans rel\u00e2che, amenant ainsi une \u00e9volution constante des machines \u00e0 broder et permettant une d\u00e9multiplication des possibilit\u00e9s cr\u00e9atives pour les artisans et les professionnels du secteur.<\/p>\n<h2>L&rsquo;innovation technologique et la d\u00e9mocratisation de la machine \u00e0 broder<\/h2>\n<p>Le progr\u00e8s technologique a jou\u00e9 un r\u00f4le consid\u00e9rable dans <strong>l&rsquo;\u00e9volution des machines \u00e0 broder professionnelles<\/strong>. Depuis les premi\u00e8res machines rudimentaires jusqu\u2019aux \u00e9quipements modernes, chaque avanc\u00e9e a contribu\u00e9 \u00e0 l&rsquo;accroissement des performances, de la pr\u00e9cision et de la vari\u00e9t\u00e9 des motifs r\u00e9alis\u00e9s par ces machines. Ces innovations ont \u00e9galement \u00e9t\u00e9 d\u00e9terminantes pour rendre la broderie accessible \u00e0 un public plus large gr\u00e2ce \u00e0 une facilit\u00e9 d\u2019utilisation croissante.<\/p>\n<p>Au <strong>XIXe si\u00e8cle<\/strong>, l\u2019apparition de la machine \u00e0 broder professionnelle <strong>Singer 114W103 marque<\/strong> une \u00e9tape importante dans le d\u00e9veloppement du secteur textile. Ce mod\u00e8le r\u00e9volutionnaire permet de r\u00e9aliser une broderie plus rapide et plus pr\u00e9cise que la m\u00e9thode manuelle traditionnelle. De plus, le remplacement progressif des parties m\u00e9caniques par des \u00e9l\u00e9ments \u00e9lectroniques, ainsi que l\u2019am\u00e9lioration continue du logiciel int\u00e9gr\u00e9, ont permis d\u2019affiner les techniques de broderie et d&rsquo;accro\u00eetre les possibilit\u00e9s cr\u00e9atives.<\/p>\n<p>En parall\u00e8le, le perfectionnement des m\u00e9canismes rend progressivement possible <strong>l&rsquo;utilisation de plusieurs aiguilles<\/strong> sur une m\u00eame machine, ouvrant ainsi la porte au travail simultan\u00e9 avec diff\u00e9rentes couleurs et textures. Les fabricants ne cessent alors d\u2019innover pour proposer des mod\u00e8les toujours plus performants et polyvalents. Ils s\u2019appuient \u00e9galement sur les retours d&rsquo;exp\u00e9rience des utilisateurs pour apporter aux machines \u00e0 broder professionnelles les ajustements n\u00e9cessaires afin de r\u00e9pondre aux attentes du march\u00e9.<\/p>\n<p>Au fil du temps, la d\u00e9mocratisation de ces machines s\u2019accompagne d&rsquo;une baisse des co\u00fbts de production et d\u2019acquisition, rendant la broderie m\u00e9canique plus accessible aux petites entreprises et aux artisans. Par cons\u00e9quent, <strong>l&rsquo;industrie textile conna\u00eet une expansion sans pr\u00e9c\u00e9dent<\/strong> avec un nombre croissant d\u2019acteurs ma\u00eetrisant les techniques de broderie.<\/p>\n<p>Aujourd&rsquo;hui, les machines \u00e0 broder professionnelles modernes sont le fruit d&rsquo;un long processus d&rsquo;\u00e9volution technologique. Elles peuvent, par exemple, num\u00e9riser des dessins personnalis\u00e9s pour une personnalisation totale des textiles et offrir jusqu\u2019\u00e0 18 aiguilles pour garantir une grande vari\u00e9t\u00e9 de couleurs et de motifs. En perp\u00e9tuelle progression, la machine \u00e0 broder continue de repousser les limites du possible dans l&rsquo;univers du textile.<\/p>\n<h2>Les machines \u00e0 broder professionnelles modernes et leurs avanc\u00e9es technologiques<\/h2>\n<p>Au fil des si\u00e8cles, les machines \u00e0 broder professionnelles ont connu une v\u00e9ritable m\u00e9tamorphose. Elles sont pass\u00e9es d&rsquo;une op\u00e9ration enti\u00e8rement manuelle \u00e0 une automatisation presque compl\u00e8te. Les avanc\u00e9es technologiques actuelles permettent aux professionnels de la broderie de r\u00e9aliser des motifs complexes et d\u00e9taill\u00e9s en un temps record et avec une grande pr\u00e9cision.<\/p>\n<h3>Polyvalence et rapidit\u00e9 : le nombre d&rsquo;aiguilles<\/h3>\n<p>Les machines \u00e0 broder professionnelles contemporaines, telles que la ZSK SPRINT 8 ou la TMBR-SC2801, offrent jusqu&rsquo;\u00e0 18 aiguilles pour une plus grande polyvalence et une production plus rapide. Cette innovation permet de changer facilement entre diff\u00e9rentes couleurs de fil sans interrompre le processus de broderie. Ainsi, les artisans peuvent cr\u00e9er des \u0153uvres aux multiples nuances sans perdre de temps sur les changements manuels de fil.<\/p>\n<h3>De la num\u00e9risation des motifs \u00e0 la connectivit\u00e9 informatique<\/h3>\n<p>\u00c0 travers leur \u00e9volution, les machines \u00e0 broder professionnelles se sont dot\u00e9es de fonctionnalit\u00e9s avanc\u00e9es telles que la <strong>num\u00e9risation des motifs<\/strong> et la <strong>connectivit\u00e9 informatique<\/strong>. Il est d\u00e9sormais possible de cr\u00e9er ou modifier un motif gr\u00e2ce \u00e0 des logiciels sp\u00e9cialis\u00e9s avant m\u00eame de lancer la production sur machine. De plus, certaines machines modernes peuvent \u00eatre directement connect\u00e9es \u00e0 un ordinateur ou m\u00eame \u00eatre contr\u00f4l\u00e9es via un \u00e9cran tactile int\u00e9gr\u00e9, am\u00e9liorant ainsi grandement l&rsquo;interaction entre l&rsquo;utilisateur et la machine.<\/p>\n<h3>L&rsquo;\u00e9volution des logiciels de conception<\/h3>\n<p>La technologie des machines \u00e0 broder professionnelles a \u00e9galement b\u00e9n\u00e9fici\u00e9 de l&rsquo;\u00e9volution des logiciels de conception. Ces derniers, toujours plus sophistiqu\u00e9s, permettent aux op\u00e9rateurs et aux concepteurs de transformer des graphiques num\u00e9riques complexes en magnifiques motifs brod\u00e9s. Des simulations 3D aux retouches de couleur en temps r\u00e9el, les logiciels actuels offrent une pr\u00e9cision in\u00e9dite dans la cr\u00e9ation et l&rsquo;adaptation des \u0153uvres brod\u00e9es.<\/p>\n<p>En somme, l&rsquo;\u00e9volution technologique a permis aux <strong>machines \u00e0 broder professionnelles<\/strong> d&rsquo;am\u00e9liorer consid\u00e9rablement leurs performances et leur pr\u00e9cision, tout en augmentant la cr\u00e9ativit\u00e9 et le potentiel de production pour les artisans et les entreprises sp\u00e9cialis\u00e9s dans ce domaine.<\/p>\n<p><em>Nous vous recommandons ces autres pages : <\/em><\/p>\n<ul>\n<li><a href=\"https:\/\/tajvitclone.comandsee.website\/guide-machines-broder-professionnelles\/machines-broder-professionnelles-origine\/\">Quelle est l&rsquo;origine de la machine \u00e0 broder professionnelle ?<\/a><\/li>\n<\/ul>\n","protected":false},"excerpt":{"rendered":"<p>L&rsquo;\u00e9volution de la machine \u00e0 broder professionnelle au fil des si\u00e8cles est un sujet fascinant, marqu\u00e9 par des avanc\u00e9es qui refl\u00e8tent le g\u00e9nie cr\u00e9atif et technique de l&rsquo;humanit\u00e9. Cet instrument, autrefois r\u00e9serv\u00e9 aux artisans les plus habiles, est pass\u00e9 des mains expertes \u00e0 des syst\u00e8mes automatis\u00e9s de grande pr\u00e9cision. Dans les premi\u00e8res phases de son&hellip;&nbsp;<a href=\"https:\/\/tajvitclone.comandsee.website\/fr\/guide-machines-broder-professionnelles\/machines-broder-professionnelles-evolution-fil-siecles\/\" rel=\"bookmark\">Lire la suite &raquo;<span class=\"screen-reader-text\">L&rsquo;\u00e9volution de la machine \u00e0 broder professionnelle au fil des si\u00e8cles<\/span><\/a><\/p>\n","protected":false},"author":6,"featured_media":0,"parent":16968,"menu_order":0,"comment_status":"closed","ping_status":"closed","template":"","meta":{"_acf_changed":false,"neve_meta_sidebar":"","neve_meta_container":"","neve_meta_enable_content_width":"","neve_meta_content_width":0,"neve_meta_title_alignment":"","neve_meta_author_avatar":"","neve_post_elements_order":"","neve_meta_disable_header":"","neve_meta_disable_footer":"","neve_meta_disable_title":"","footnotes":""},"class_list":["post-16983","page","type-page","status-publish","hentry"],"acf":[],"yoast_head":"<!-- This site is optimized with the Yoast SEO plugin v27.5 - https:\/\/yoast.com\/product\/yoast-seo-wordpress\/ -->\n<title>L&#039;\u00e9volution de la machine \u00e0 broder professionnelle au fil des si\u00e8cles - Tajima Europe<\/title>\n<meta name=\"robots\" content=\"index, follow, max-snippet:-1, max-image-preview:large, max-video-preview:-1\" \/>\n<link rel=\"canonical\" href=\"https:\/\/tajvitclone.comandsee.website\/fr\/guide-machines-broder-professionnelles\/machines-broder-professionnelles-evolution-fil-siecles\/\" \/>\n<meta property=\"og:locale\" content=\"fr_FR\" \/>\n<meta property=\"og:type\" content=\"article\" \/>\n<meta property=\"og:title\" content=\"L&#039;\u00e9volution de la machine \u00e0 broder professionnelle au fil des si\u00e8cles - Tajima Europe\" \/>\n<meta property=\"og:description\" content=\"L&rsquo;\u00e9volution de la machine \u00e0 broder professionnelle au fil des si\u00e8cles est un sujet fascinant, marqu\u00e9 par des avanc\u00e9es qui refl\u00e8tent le g\u00e9nie cr\u00e9atif et technique de l&rsquo;humanit\u00e9. Cet instrument, autrefois r\u00e9serv\u00e9 aux artisans les plus habiles, est pass\u00e9 des mains expertes \u00e0 des syst\u00e8mes automatis\u00e9s de grande pr\u00e9cision. Dans les premi\u00e8res phases de son&hellip;&nbsp;Lire la suite &raquo;L&rsquo;\u00e9volution de la machine \u00e0 broder professionnelle au fil des si\u00e8cles\" \/>\n<meta property=\"og:url\" content=\"https:\/\/tajvitclone.comandsee.website\/fr\/guide-machines-broder-professionnelles\/machines-broder-professionnelles-evolution-fil-siecles\/\" \/>\n<meta property=\"og:site_name\" content=\"Tajima Europe\" \/>\n<meta property=\"article:modified_time\" content=\"2024-06-12T14:10:17+00:00\" \/>\n<meta property=\"og:image\" content=\"https:\/\/tajvitclone.comandsee.website\/wp-content\/uploads\/2024\/06\/Vieille-machine-a-broder-300x200.jpg\" \/>\n<meta name=\"twitter:card\" content=\"summary_large_image\" \/>\n<meta name=\"twitter:label1\" content=\"Dur\u00e9e de lecture estim\u00e9e\" \/>\n\t<meta name=\"twitter:data1\" content=\"6 minutes\" \/>\n<script type=\"application\/ld+json\" class=\"yoast-schema-graph\">{\"@context\":\"https:\\\/\\\/schema.org\",\"@graph\":[{\"@type\":\"WebPage\",\"@id\":\"https:\\\/\\\/tajvitclone.comandsee.website\\\/fr\\\/guide-machines-broder-professionnelles\\\/machines-broder-professionnelles-evolution-fil-siecles\\\/\",\"url\":\"https:\\\/\\\/tajvitclone.comandsee.website\\\/fr\\\/guide-machines-broder-professionnelles\\\/machines-broder-professionnelles-evolution-fil-siecles\\\/\",\"name\":\"L'\u00e9volution de la machine \u00e0 broder professionnelle au fil des si\u00e8cles - Tajima Europe\",\"isPartOf\":{\"@id\":\"https:\\\/\\\/tajvitclone.comandsee.website\\\/fr\\\/#website\"},\"primaryImageOfPage\":{\"@id\":\"https:\\\/\\\/tajvitclone.comandsee.website\\\/fr\\\/guide-machines-broder-professionnelles\\\/machines-broder-professionnelles-evolution-fil-siecles\\\/#primaryimage\"},\"image\":{\"@id\":\"https:\\\/\\\/tajvitclone.comandsee.website\\\/fr\\\/guide-machines-broder-professionnelles\\\/machines-broder-professionnelles-evolution-fil-siecles\\\/#primaryimage\"},\"thumbnailUrl\":\"https:\\\/\\\/tajvitclone.comandsee.website\\\/wp-content\\\/uploads\\\/2024\\\/06\\\/Vieille-machine-a-broder-300x200.jpg\",\"datePublished\":\"2024-01-25T16:49:14+00:00\",\"dateModified\":\"2024-06-12T14:10:17+00:00\",\"breadcrumb\":{\"@id\":\"https:\\\/\\\/tajvitclone.comandsee.website\\\/fr\\\/guide-machines-broder-professionnelles\\\/machines-broder-professionnelles-evolution-fil-siecles\\\/#breadcrumb\"},\"inLanguage\":\"fr-FR\",\"potentialAction\":[{\"@type\":\"ReadAction\",\"target\":[\"https:\\\/\\\/tajvitclone.comandsee.website\\\/fr\\\/guide-machines-broder-professionnelles\\\/machines-broder-professionnelles-evolution-fil-siecles\\\/\"]}]},{\"@type\":\"ImageObject\",\"inLanguage\":\"fr-FR\",\"@id\":\"https:\\\/\\\/tajvitclone.comandsee.website\\\/fr\\\/guide-machines-broder-professionnelles\\\/machines-broder-professionnelles-evolution-fil-siecles\\\/#primaryimage\",\"url\":\"https:\\\/\\\/tajvitclone.comandsee.website\\\/wp-content\\\/uploads\\\/2024\\\/06\\\/Vieille-machine-a-broder-300x200.jpg\",\"contentUrl\":\"https:\\\/\\\/tajvitclone.comandsee.website\\\/wp-content\\\/uploads\\\/2024\\\/06\\\/Vieille-machine-a-broder-300x200.jpg\"},{\"@type\":\"BreadcrumbList\",\"@id\":\"https:\\\/\\\/tajvitclone.comandsee.website\\\/fr\\\/guide-machines-broder-professionnelles\\\/machines-broder-professionnelles-evolution-fil-siecles\\\/#breadcrumb\",\"itemListElement\":[{\"@type\":\"ListItem\",\"position\":1,\"name\":\"Accueil\",\"item\":\"https:\\\/\\\/tajvitclone.comandsee.website\\\/fr\\\/\"},{\"@type\":\"ListItem\",\"position\":2,\"name\":\"Le guide des machines \u00e0 broder professionnelles &#8211; Recap\",\"item\":\"https:\\\/\\\/tajvitclone.comandsee.website\\\/fr\\\/guide-machines-broder-professionnelles\\\/\"},{\"@type\":\"ListItem\",\"position\":3,\"name\":\"L&rsquo;\u00e9volution de la machine \u00e0 broder professionnelle au fil des si\u00e8cles\"}]},{\"@type\":\"WebSite\",\"@id\":\"https:\\\/\\\/tajvitclone.comandsee.website\\\/fr\\\/#website\",\"url\":\"https:\\\/\\\/tajvitclone.comandsee.website\\\/fr\\\/\",\"name\":\"Tajima Europe\",\"description\":\"Les experts outils dans les m\u00e9tiers de la broderie\",\"publisher\":{\"@id\":\"https:\\\/\\\/tajvitclone.comandsee.website\\\/fr\\\/#organization\"},\"potentialAction\":[{\"@type\":\"SearchAction\",\"target\":{\"@type\":\"EntryPoint\",\"urlTemplate\":\"https:\\\/\\\/tajvitclone.comandsee.website\\\/fr\\\/?s={search_term_string}\"},\"query-input\":{\"@type\":\"PropertyValueSpecification\",\"valueRequired\":true,\"valueName\":\"search_term_string\"}}],\"inLanguage\":\"fr-FR\"},{\"@type\":\"Organization\",\"@id\":\"https:\\\/\\\/tajvitclone.comandsee.website\\\/fr\\\/#organization\",\"name\":\"Tajima Europe\",\"url\":\"https:\\\/\\\/tajvitclone.comandsee.website\\\/fr\\\/\",\"logo\":{\"@type\":\"ImageObject\",\"inLanguage\":\"fr-FR\",\"@id\":\"https:\\\/\\\/tajvitclone.comandsee.website\\\/fr\\\/#\\\/schema\\\/logo\\\/image\\\/\",\"url\":\"https:\\\/\\\/tajvitclone.comandsee.website\\\/wp-content\\\/uploads\\\/2020\\\/03\\\/logo-mail.jpg\",\"contentUrl\":\"https:\\\/\\\/tajvitclone.comandsee.website\\\/wp-content\\\/uploads\\\/2020\\\/03\\\/logo-mail.jpg\",\"width\":179,\"height\":150,\"caption\":\"Tajima Europe\"},\"image\":{\"@id\":\"https:\\\/\\\/tajvitclone.comandsee.website\\\/fr\\\/#\\\/schema\\\/logo\\\/image\\\/\"}}]}<\/script>\n<!-- \/ Yoast SEO plugin. -->","yoast_head_json":{"title":"L'\u00e9volution de la machine \u00e0 broder professionnelle au fil des si\u00e8cles - Tajima Europe","robots":{"index":"index","follow":"follow","max-snippet":"max-snippet:-1","max-image-preview":"max-image-preview:large","max-video-preview":"max-video-preview:-1"},"canonical":"https:\/\/tajvitclone.comandsee.website\/fr\/guide-machines-broder-professionnelles\/machines-broder-professionnelles-evolution-fil-siecles\/","og_locale":"fr_FR","og_type":"article","og_title":"L'\u00e9volution de la machine \u00e0 broder professionnelle au fil des si\u00e8cles - Tajima Europe","og_description":"L&rsquo;\u00e9volution de la machine \u00e0 broder professionnelle au fil des si\u00e8cles est un sujet fascinant, marqu\u00e9 par des avanc\u00e9es qui refl\u00e8tent le g\u00e9nie cr\u00e9atif et technique de l&rsquo;humanit\u00e9. Cet instrument, autrefois r\u00e9serv\u00e9 aux artisans les plus habiles, est pass\u00e9 des mains expertes \u00e0 des syst\u00e8mes automatis\u00e9s de grande pr\u00e9cision. Dans les premi\u00e8res phases de son&hellip;&nbsp;Lire la suite &raquo;L&rsquo;\u00e9volution de la machine \u00e0 broder professionnelle au fil des si\u00e8cles","og_url":"https:\/\/tajvitclone.comandsee.website\/fr\/guide-machines-broder-professionnelles\/machines-broder-professionnelles-evolution-fil-siecles\/","og_site_name":"Tajima Europe","article_modified_time":"2024-06-12T14:10:17+00:00","og_image":[{"url":"https:\/\/tajvitclone.comandsee.website\/wp-content\/uploads\/2024\/06\/Vieille-machine-a-broder-300x200.jpg","type":"","width":"","height":""}],"twitter_card":"summary_large_image","twitter_misc":{"Dur\u00e9e de lecture estim\u00e9e":"6 minutes"},"schema":{"@context":"https:\/\/schema.org","@graph":[{"@type":"WebPage","@id":"https:\/\/tajvitclone.comandsee.website\/fr\/guide-machines-broder-professionnelles\/machines-broder-professionnelles-evolution-fil-siecles\/","url":"https:\/\/tajvitclone.comandsee.website\/fr\/guide-machines-broder-professionnelles\/machines-broder-professionnelles-evolution-fil-siecles\/","name":"L'\u00e9volution de la machine \u00e0 broder professionnelle au fil des si\u00e8cles - Tajima Europe","isPartOf":{"@id":"https:\/\/tajvitclone.comandsee.website\/fr\/#website"},"primaryImageOfPage":{"@id":"https:\/\/tajvitclone.comandsee.website\/fr\/guide-machines-broder-professionnelles\/machines-broder-professionnelles-evolution-fil-siecles\/#primaryimage"},"image":{"@id":"https:\/\/tajvitclone.comandsee.website\/fr\/guide-machines-broder-professionnelles\/machines-broder-professionnelles-evolution-fil-siecles\/#primaryimage"},"thumbnailUrl":"https:\/\/tajvitclone.comandsee.website\/wp-content\/uploads\/2024\/06\/Vieille-machine-a-broder-300x200.jpg","datePublished":"2024-01-25T16:49:14+00:00","dateModified":"2024-06-12T14:10:17+00:00","breadcrumb":{"@id":"https:\/\/tajvitclone.comandsee.website\/fr\/guide-machines-broder-professionnelles\/machines-broder-professionnelles-evolution-fil-siecles\/#breadcrumb"},"inLanguage":"fr-FR","potentialAction":[{"@type":"ReadAction","target":["https:\/\/tajvitclone.comandsee.website\/fr\/guide-machines-broder-professionnelles\/machines-broder-professionnelles-evolution-fil-siecles\/"]}]},{"@type":"ImageObject","inLanguage":"fr-FR","@id":"https:\/\/tajvitclone.comandsee.website\/fr\/guide-machines-broder-professionnelles\/machines-broder-professionnelles-evolution-fil-siecles\/#primaryimage","url":"https:\/\/tajvitclone.comandsee.website\/wp-content\/uploads\/2024\/06\/Vieille-machine-a-broder-300x200.jpg","contentUrl":"https:\/\/tajvitclone.comandsee.website\/wp-content\/uploads\/2024\/06\/Vieille-machine-a-broder-300x200.jpg"},{"@type":"BreadcrumbList","@id":"https:\/\/tajvitclone.comandsee.website\/fr\/guide-machines-broder-professionnelles\/machines-broder-professionnelles-evolution-fil-siecles\/#breadcrumb","itemListElement":[{"@type":"ListItem","position":1,"name":"Accueil","item":"https:\/\/tajvitclone.comandsee.website\/fr\/"},{"@type":"ListItem","position":2,"name":"Le guide des machines \u00e0 broder professionnelles &#8211; Recap","item":"https:\/\/tajvitclone.comandsee.website\/fr\/guide-machines-broder-professionnelles\/"},{"@type":"ListItem","position":3,"name":"L&rsquo;\u00e9volution de la machine \u00e0 broder professionnelle au fil des si\u00e8cles"}]},{"@type":"WebSite","@id":"https:\/\/tajvitclone.comandsee.website\/fr\/#website","url":"https:\/\/tajvitclone.comandsee.website\/fr\/","name":"Tajima Europe","description":"Les experts outils dans les m\u00e9tiers de la broderie","publisher":{"@id":"https:\/\/tajvitclone.comandsee.website\/fr\/#organization"},"potentialAction":[{"@type":"SearchAction","target":{"@type":"EntryPoint","urlTemplate":"https:\/\/tajvitclone.comandsee.website\/fr\/?s={search_term_string}"},"query-input":{"@type":"PropertyValueSpecification","valueRequired":true,"valueName":"search_term_string"}}],"inLanguage":"fr-FR"},{"@type":"Organization","@id":"https:\/\/tajvitclone.comandsee.website\/fr\/#organization","name":"Tajima Europe","url":"https:\/\/tajvitclone.comandsee.website\/fr\/","logo":{"@type":"ImageObject","inLanguage":"fr-FR","@id":"https:\/\/tajvitclone.comandsee.website\/fr\/#\/schema\/logo\/image\/","url":"https:\/\/tajvitclone.comandsee.website\/wp-content\/uploads\/2020\/03\/logo-mail.jpg","contentUrl":"https:\/\/tajvitclone.comandsee.website\/wp-content\/uploads\/2020\/03\/logo-mail.jpg","width":179,"height":150,"caption":"Tajima Europe"},"image":{"@id":"https:\/\/tajvitclone.comandsee.website\/fr\/#\/schema\/logo\/image\/"}}]}},"_links":{"self":[{"href":"https:\/\/tajvitclone.comandsee.website\/fr\/wp-json\/wp\/v2\/pages\/16983","targetHints":{"allow":["GET"]}}],"collection":[{"href":"https:\/\/tajvitclone.comandsee.website\/fr\/wp-json\/wp\/v2\/pages"}],"about":[{"href":"https:\/\/tajvitclone.comandsee.website\/fr\/wp-json\/wp\/v2\/types\/page"}],"author":[{"embeddable":true,"href":"https:\/\/tajvitclone.comandsee.website\/fr\/wp-json\/wp\/v2\/users\/6"}],"replies":[{"embeddable":true,"href":"https:\/\/tajvitclone.comandsee.website\/fr\/wp-json\/wp\/v2\/comments?post=16983"}],"version-history":[{"count":0,"href":"https:\/\/tajvitclone.comandsee.website\/fr\/wp-json\/wp\/v2\/pages\/16983\/revisions"}],"up":[{"embeddable":true,"href":"https:\/\/tajvitclone.comandsee.website\/fr\/wp-json\/wp\/v2\/pages\/16968"}],"wp:attachment":[{"href":"https:\/\/tajvitclone.comandsee.website\/fr\/wp-json\/wp\/v2\/media?parent=16983"}],"curies":[{"name":"wp","href":"https:\/\/api.w.org\/{rel}","templated":true}]}}