{"id":1652,"date":"2022-08-08T07:23:39","date_gmt":"2022-08-08T07:23:39","guid":{"rendered":"https:\/\/tajimaeurope.com\/?page_id=1652"},"modified":"2025-05-19T13:33:43","modified_gmt":"2025-05-19T11:33:43","slug":"tajima-europe","status":"publish","type":"page","link":"https:\/\/tajvitclone.comandsee.website\/fr\/tajima-europe\/","title":{"rendered":"Tajima Europe"},"content":{"rendered":"\t\t<div data-elementor-type=\"wp-page\" data-elementor-id=\"1652\" class=\"elementor elementor-1652\" data-elementor-post-type=\"page\">\n\t\t\t\t\t\t<section class=\"elementor-section elementor-top-section elementor-element elementor-element-1a573d9 linkSection elementor-section-boxed elementor-section-height-default elementor-section-height-default\" data-id=\"1a573d9\" data-element_type=\"section\" data-e-type=\"section\">\n\t\t\t\t\t\t<div class=\"elementor-container elementor-column-gap-no\">\n\t\t\t\t\t<div class=\"elementor-column elementor-col-100 elementor-top-column elementor-element elementor-element-7ece3d9\" data-id=\"7ece3d9\" data-element_type=\"column\" data-e-type=\"column\">\n\t\t\t<div class=\"elementor-widget-wrap elementor-element-populated\">\n\t\t\t\t\t\t<div class=\"elementor-element elementor-element-e63c350 elementor-cta--valign-top elementor-widget__width-initial elementor-widget-tablet__width-initial elementor-widget-mobile__width-inherit linkModule elementor-cta--skin-classic elementor-animated-content elementor-bg-transform elementor-bg-transform-zoom-in elementor-widget elementor-widget-call-to-action\" data-id=\"e63c350\" data-element_type=\"widget\" data-e-type=\"widget\" data-widget_type=\"call-to-action.default\">\n\t\t\t\t<div class=\"elementor-widget-container\">\n\t\t\t\t\t\t\t<a class=\"elementor-cta\" href=\"https:\/\/tajvitclone.comandsee.website\/fr\/tajima-europe\/notre-histoire\/\">\n\t\t\t\t\t\t\t<div class=\"elementor-cta__content\">\n\t\t\t\t\n\t\t\t\t\t\t\t\t\t<h2 class=\"elementor-cta__title elementor-cta__content-item elementor-content-item\">\n\t\t\t\t\t\tNotre histoire\t\t\t\t\t<\/h2>\n\t\t\t\t\n\t\t\t\t\t\t\t\t\t<div class=\"elementor-cta__description elementor-cta__content-item elementor-content-item\">\n\t\t\t\t\t\tEntreprise familiale cr\u00e9\u00e9e en 1944 au Japon par Hitoshi Tajima, Tajima fabrique des machines \u00e0 broder industrielles mono-t\u00eate et multi-t\u00eates. Tajima Europe commercialise les machines \u00e0 broder industrielles de la marque japonaise TAJIMA.\t\t\t\t\t<\/div>\n\t\t\t\t\n\t\t\t\t\t\t\t\t\t<div class=\"elementor-cta__button-wrapper elementor-cta__content-item elementor-content-item \">\n\t\t\t\t\t<span class=\"elementor-cta__button elementor-button elementor-size-xs\">\n\t\t\t\t\t\tEn savoir plus\t\t\t\t\t<\/span>\n\t\t\t\t\t<\/div>\n\t\t\t\t\t\t\t<\/div>\n\t\t\t\t\t\t<\/a>\n\t\t\t\t\t\t<\/div>\n\t\t\t\t<\/div>\n\t\t\t\t<div class=\"elementor-element elementor-element-715221d elementor-cta--valign-top elementor-widget__width-initial elementor-widget-tablet__width-initial elementor-widget-mobile__width-inherit linkModule elementor-cta--skin-classic elementor-animated-content elementor-bg-transform elementor-bg-transform-zoom-in elementor-widget elementor-widget-call-to-action\" data-id=\"715221d\" data-element_type=\"widget\" data-e-type=\"widget\" data-widget_type=\"call-to-action.default\">\n\t\t\t\t<div class=\"elementor-widget-container\">\n\t\t\t\t\t\t\t<a class=\"elementor-cta\" href=\"https:\/\/tajvitclone.comandsee.website\/fr\/tajima-europe\/notre-metier-vendre-des-machines-a-broder-tajima\/\">\n\t\t\t\t\t\t\t<div class=\"elementor-cta__content\">\n\t\t\t\t\n\t\t\t\t\t\t\t\t\t<h2 class=\"elementor-cta__title elementor-cta__content-item elementor-content-item\">\n\t\t\t\t\t\tNotre m\u00e9tier\t\t\t\t\t<\/h2>\n\t\t\t\t\n\t\t\t\t\t\t\t\t\t<div class=\"elementor-cta__description elementor-cta__content-item elementor-content-item\">\n\t\t\t\t\t\tLeader dans son secteur, Tajima Europe a pour principales missions de vendre et d\u2019assurer le service apr\u00e8s-vente des machines \u00e0 broder TAJIMA et des \u00e9quipements associ\u00e9s.\t\t\t\t\t<\/div>\n\t\t\t\t\n\t\t\t\t\t\t\t\t\t<div class=\"elementor-cta__button-wrapper elementor-cta__content-item elementor-content-item \">\n\t\t\t\t\t<span class=\"elementor-cta__button elementor-button elementor-size-xs\">\n\t\t\t\t\t\tEn savoir plus\t\t\t\t\t<\/span>\n\t\t\t\t\t<\/div>\n\t\t\t\t\t\t\t<\/div>\n\t\t\t\t\t\t<\/a>\n\t\t\t\t\t\t<\/div>\n\t\t\t\t<\/div>\n\t\t\t\t<div class=\"elementor-element elementor-element-b7aba64 elementor-cta--valign-top elementor-widget__width-initial elementor-widget-tablet__width-initial elementor-widget-mobile__width-inherit linkModule elementor-cta--skin-classic elementor-animated-content elementor-bg-transform elementor-bg-transform-zoom-in elementor-widget elementor-widget-call-to-action\" data-id=\"b7aba64\" data-element_type=\"widget\" data-e-type=\"widget\" data-widget_type=\"call-to-action.default\">\n\t\t\t\t<div class=\"elementor-widget-container\">\n\t\t\t\t\t\t\t<a class=\"elementor-cta\" href=\"https:\/\/tajvitclone.comandsee.website\/fr\/tajima-europe\/nos-valeurs\/\">\n\t\t\t\t\t\t\t<div class=\"elementor-cta__content\">\n\t\t\t\t\n\t\t\t\t\t\t\t\t\t<h2 class=\"elementor-cta__title elementor-cta__content-item elementor-content-item\">\n\t\t\t\t\t\tNos valeurs\t\t\t\t\t<\/h2>\n\t\t\t\t\n\t\t\t\t\t\t\t\t\t<div class=\"elementor-cta__description elementor-cta__content-item elementor-content-item\">\n\t\t\t\t\t\tTajima Europe propose \u00e0 ses clients le meilleur service qui soit car la marque distribu\u00e9e est unanimement consid\u00e9r\u00e9e comme la meilleure du march\u00e9.\t\t\t\t\t<\/div>\n\t\t\t\t\n\t\t\t\t\t\t\t\t\t<div class=\"elementor-cta__button-wrapper elementor-cta__content-item elementor-content-item \">\n\t\t\t\t\t<span class=\"elementor-cta__button elementor-button elementor-size-xs\">\n\t\t\t\t\t\tEn savoir plus\t\t\t\t\t<\/span>\n\t\t\t\t\t<\/div>\n\t\t\t\t\t\t\t<\/div>\n\t\t\t\t\t\t<\/a>\n\t\t\t\t\t\t<\/div>\n\t\t\t\t<\/div>\n\t\t\t\t<div class=\"elementor-element elementor-element-ade1140 elementor-cta--valign-top elementor-widget__width-initial elementor-widget-tablet__width-initial elementor-widget-mobile__width-inherit linkModule elementor-cta--skin-classic elementor-animated-content elementor-bg-transform elementor-bg-transform-zoom-in elementor-widget elementor-widget-call-to-action\" data-id=\"ade1140\" data-element_type=\"widget\" data-e-type=\"widget\" data-widget_type=\"call-to-action.default\">\n\t\t\t\t<div class=\"elementor-widget-container\">\n\t\t\t\t\t\t\t<a class=\"elementor-cta\" href=\"https:\/\/tajvitclone.comandsee.website\/fr\/tajima-europe\/rayonnement-international\/\">\n\t\t\t\t\t\t\t<div class=\"elementor-cta__content\">\n\t\t\t\t\n\t\t\t\t\t\t\t\t\t<h2 class=\"elementor-cta__title elementor-cta__content-item elementor-content-item\">\n\t\t\t\t\t\tRayonnement international\t\t\t\t\t<\/h2>\n\t\t\t\t\n\t\t\t\t\t\t\t\t\t<div class=\"elementor-cta__description elementor-cta__content-item elementor-content-item\">\n\t\t\t\t\t\tReconnu depuis 70 ans pour la qualit\u00e9 de ses produits, Tajima est devenu un leader mondial dans son domaine et n\u2019a cess\u00e9 de d\u00e9velopper ses machines, leurs \u00e9quipements et d\u2019accro\u00eetre son implantation dans le monde.\t\t\t\t\t<\/div>\n\t\t\t\t\n\t\t\t\t\t\t\t\t\t<div class=\"elementor-cta__button-wrapper elementor-cta__content-item elementor-content-item \">\n\t\t\t\t\t<span class=\"elementor-cta__button elementor-button elementor-size-xs\">\n\t\t\t\t\t\tEn savoir plus\t\t\t\t\t<\/span>\n\t\t\t\t\t<\/div>\n\t\t\t\t\t\t\t<\/div>\n\t\t\t\t\t\t<\/a>\n\t\t\t\t\t\t<\/div>\n\t\t\t\t<\/div>\n\t\t\t\t<div class=\"elementor-element elementor-element-ac69f41 elementor-cta--valign-top elementor-widget__width-initial elementor-widget-tablet__width-initial elementor-widget-mobile__width-inherit linkModule elementor-cta--skin-classic elementor-animated-content elementor-bg-transform elementor-bg-transform-zoom-in elementor-widget elementor-widget-call-to-action\" data-id=\"ac69f41\" data-element_type=\"widget\" data-e-type=\"widget\" data-widget_type=\"call-to-action.default\">\n\t\t\t\t<div class=\"elementor-widget-container\">\n\t\t\t\t\t\t\t<a class=\"elementor-cta\" href=\"https:\/\/tajvitclone.comandsee.website\/fr\/tajima-europe\/nos-clients-2\/\">\n\t\t\t\t\t\t\t<div class=\"elementor-cta__content\">\n\t\t\t\t\n\t\t\t\t\t\t\t\t\t<h2 class=\"elementor-cta__title elementor-cta__content-item elementor-content-item\">\n\t\t\t\t\t\tNos clients\t\t\t\t\t<\/h2>\n\t\t\t\t\n\t\t\t\t\t\t\t\t\t<div class=\"elementor-cta__description elementor-cta__content-item elementor-content-item\">\n\t\t\t\t\t\tIls nous font confiance.\t\t\t\t\t<\/div>\n\t\t\t\t\n\t\t\t\t\t\t\t\t\t<div class=\"elementor-cta__button-wrapper elementor-cta__content-item elementor-content-item \">\n\t\t\t\t\t<span class=\"elementor-cta__button elementor-button elementor-size-xs\">\n\t\t\t\t\t\tEn savoir plus\t\t\t\t\t<\/span>\n\t\t\t\t\t<\/div>\n\t\t\t\t\t\t\t<\/div>\n\t\t\t\t\t\t<\/a>\n\t\t\t\t\t\t<\/div>\n\t\t\t\t<\/div>\n\t\t\t\t\t<\/div>\n\t\t<\/div>\n\t\t\t\t\t<\/div>\n\t\t<\/section>\n\t\t\t\t<section class=\"elementor-section elementor-top-section elementor-element elementor-element-a4a0edb elementor-section-boxed elementor-section-height-default elementor-section-height-default\" data-id=\"a4a0edb\" data-element_type=\"section\" data-e-type=\"section\">\n\t\t\t\t\t\t<div class=\"elementor-container elementor-column-gap-no\">\n\t\t\t\t\t<div class=\"elementor-column elementor-col-100 elementor-top-column elementor-element elementor-element-bc85220\" data-id=\"bc85220\" data-element_type=\"column\" data-e-type=\"column\">\n\t\t\t<div class=\"elementor-widget-wrap elementor-element-populated\">\n\t\t\t\t\t\t<section class=\"elementor-section elementor-inner-section elementor-element elementor-element-b1327b5 elementor-section-boxed elementor-section-height-default elementor-section-height-default\" data-id=\"b1327b5\" data-element_type=\"section\" data-e-type=\"section\">\n\t\t\t\t\t\t<div class=\"elementor-container elementor-column-gap-no\">\n\t\t\t\t\t<div class=\"elementor-column elementor-col-100 elementor-inner-column elementor-element elementor-element-8ea60f0\" data-id=\"8ea60f0\" data-element_type=\"column\" data-e-type=\"column\">\n\t\t\t<div class=\"elementor-widget-wrap elementor-element-populated\">\n\t\t\t\t\t\t<div class=\"elementor-element elementor-element-9c61ad4 elementor-widget__width-initial elementor-widget elementor-widget-spacer\" data-id=\"9c61ad4\" data-element_type=\"widget\" data-e-type=\"widget\" data-widget_type=\"spacer.default\">\n\t\t\t\t<div class=\"elementor-widget-container\">\n\t\t\t\t\t\t\t<div class=\"elementor-spacer\">\n\t\t\t<div class=\"elementor-spacer-inner\"><\/div>\n\t\t<\/div>\n\t\t\t\t\t\t<\/div>\n\t\t\t\t<\/div>\n\t\t\t\t<div class=\"elementor-element elementor-element-cf6549b elementor-widget__width-inherit elementor-widget elementor-widget-heading\" data-id=\"cf6549b\" data-element_type=\"widget\" data-e-type=\"widget\" data-widget_type=\"heading.default\">\n\t\t\t\t<div class=\"elementor-widget-container\">\n\t\t\t\t\t<h2 class=\"elementor-heading-title elementor-size-default\">Machines \u00e0 broder Tajima<\/h2>\t\t\t\t<\/div>\n\t\t\t\t<\/div>\n\t\t\t\t<div class=\"elementor-element elementor-element-ee12537 elementor-widget__width-inherit elementor-widget elementor-widget-text-editor\" data-id=\"ee12537\" data-element_type=\"widget\" data-e-type=\"widget\" data-widget_type=\"text-editor.default\">\n\t\t\t\t<div class=\"elementor-widget-container\">\n\t\t\t\t\t\t\t\t\t<p>Implant\u00e9 dans le sud de la France, Tajima Europe vous propose l\u2019achat et le service apr\u00e8s-vente de <a href=\"https:\/\/tajvitclone.comandsee.website\/nos-machines-a-broder-industrielle-professionnelle-tajima\/\">machines \u00e0 broder professionnelles<\/a> <strong>de la marque Tajima<\/strong>. Nous vous conseillons et vous accompagnons pour rendre votre production la plus optimale possible. Choix de la machine, \u00e9quipements compl\u00e9mentaires, formation\u2026 nous mettons \u00e0 disposition notre expertise pour vous permettre une <strong>broderie de qualit\u00e9<\/strong>. Notre \u00e9quipe r\u00e9active et disponible saura vous accompagner dans la mise en place et le d\u00e9veloppement de votre projet et vous informer sur les derni\u00e8res \u00e9volutions technologiques.<\/p>\t\t\t\t\t\t\t\t<\/div>\n\t\t\t\t<\/div>\n\t\t\t\t\t<\/div>\n\t\t<\/div>\n\t\t\t\t\t<\/div>\n\t\t<\/section>\n\t\t\t\t<section class=\"elementor-section elementor-inner-section elementor-element elementor-element-5ff62cf elementor-section-boxed elementor-section-height-default elementor-section-height-default\" data-id=\"5ff62cf\" data-element_type=\"section\" data-e-type=\"section\">\n\t\t\t\t\t\t<div class=\"elementor-container elementor-column-gap-no\">\n\t\t\t\t\t<div class=\"elementor-column elementor-col-100 elementor-inner-column elementor-element elementor-element-d2d602c\" data-id=\"d2d602c\" data-element_type=\"column\" data-e-type=\"column\">\n\t\t\t<div class=\"elementor-widget-wrap elementor-element-populated\">\n\t\t\t\t\t\t<div class=\"elementor-element elementor-element-9e2bcc2 elementor-widget__width-auto backToTopBtn elementor-view-default elementor-position-block-start elementor-mobile-position-block-start elementor-widget elementor-widget-icon-box\" data-id=\"9e2bcc2\" data-element_type=\"widget\" data-e-type=\"widget\" data-widget_type=\"icon-box.default\">\n\t\t\t\t<div class=\"elementor-widget-container\">\n\t\t\t\t\t\t\t<div class=\"elementor-icon-box-wrapper\">\n\n\t\t\t\t\t\t<div class=\"elementor-icon-box-icon\">\n\t\t\t\t<a href=\"#\" class=\"elementor-icon\" tabindex=\"-1\" aria-label=\"Haut de page\">\n\t\t\t\t<svg xmlns=\"http:\/\/www.w3.org\/2000\/svg\" xmlns:xlink=\"http:\/\/www.w3.org\/1999\/xlink\" id=\"Calque_1\" x=\"0px\" y=\"0px\" width=\"37.318px\" height=\"21.373px\" viewBox=\"0 0 37.318 21.373\" xml:space=\"preserve\"><g>\t<polygon points=\"2.797,21.373 0,18.514 18.928,0 37.318,18.534 34.479,21.353 18.885,5.637  \"><\/polygon><\/g><\/svg>\t\t\t\t<\/a>\n\t\t\t<\/div>\n\t\t\t\n\t\t\t\t\t\t<div class=\"elementor-icon-box-content\">\n\n\t\t\t\t\t\t\t\t\t<p class=\"elementor-icon-box-title\">\n\t\t\t\t\t\t<a href=\"#\" >\n\t\t\t\t\t\t\tHaut de page\t\t\t\t\t\t<\/a>\n\t\t\t\t\t<\/p>\n\t\t\t\t\n\t\t\t\t\n\t\t\t<\/div>\n\t\t\t\n\t\t<\/div>\n\t\t\t\t\t\t<\/div>\n\t\t\t\t<\/div>\n\t\t\t\t\t<\/div>\n\t\t<\/div>\n\t\t\t\t\t<\/div>\n\t\t<\/section>\n\t\t\t\t\t<\/div>\n\t\t<\/div>\n\t\t\t\t\t<\/div>\n\t\t<\/section>\n\t\t\t\t<\/div>\n\t\t","protected":false},"excerpt":{"rendered":"<p>Notre histoire Entreprise familiale cr\u00e9\u00e9e en 1944 au Japon par Hitoshi Tajima, Tajima fabrique des machines \u00e0 broder industrielles mono-t\u00eate et multi-t\u00eates. Tajima Europe commercialise les machines \u00e0 broder industrielles de la marque japonaise TAJIMA. En savoir plus Notre m\u00e9tier Leader dans son secteur, Tajima Europe a pour principales missions de vendre et d\u2019assurer le&hellip;&nbsp;<a href=\"https:\/\/tajvitclone.comandsee.website\/fr\/tajima-europe\/\" rel=\"bookmark\">Lire la suite &raquo;<span class=\"screen-reader-text\">Tajima Europe<\/span><\/a><\/p>\n","protected":false},"author":2,"featured_media":0,"parent":0,"menu_order":0,"comment_status":"closed","ping_status":"closed","template":"elementor_header_footer","meta":{"_acf_changed":false,"neve_meta_sidebar":"","neve_meta_container":"","neve_meta_enable_content_width":"","neve_meta_content_width":0,"neve_meta_title_alignment":"","neve_meta_author_avatar":"","neve_post_elements_order":"","neve_meta_disable_header":"","neve_meta_disable_footer":"","neve_meta_disable_title":"","footnotes":""},"class_list":["post-1652","page","type-page","status-publish","hentry"],"acf":[],"yoast_head":"<!-- This site is optimized with the Yoast SEO plugin v27.4 - https:\/\/yoast.com\/product\/yoast-seo-wordpress\/ -->\n<title>Tajima Europe - Machines \u00e0 broder industrielles mono t\u00eate et multi t\u00eates<\/title>\n<meta name=\"description\" content=\"Tajima Europe commercialise en France, au Benelux et en Suisse les machines \u00e0 broder industrielles mono t\u00eate et multi t\u00eates de la marque japonaise TAJIMA. Les bureaux sont install\u00e9s en France \u00e0 La Ciotat, en r\u00e9gion Provence-Alpes-C\u00f4te d&#039;Azur. L&#039;entreprise assure \u00e9galement la distribution des machines \u00e0 broder aupr\u00e8s de ses distributeurs en Europe.\" \/>\n<meta name=\"robots\" content=\"index, follow, max-snippet:-1, max-image-preview:large, max-video-preview:-1\" \/>\n<link rel=\"canonical\" href=\"https:\/\/tajvitclone.comandsee.website\/fr\/tajima-europe\/\" \/>\n<meta property=\"og:locale\" content=\"fr_FR\" \/>\n<meta property=\"og:type\" content=\"article\" \/>\n<meta property=\"og:title\" content=\"Tajima Europe - Machines \u00e0 broder industrielles mono t\u00eate et multi t\u00eates\" \/>\n<meta property=\"og:description\" content=\"Tajima Europe commercialise en France, au Benelux et en Suisse les machines \u00e0 broder industrielles mono t\u00eate et multi t\u00eates de la marque japonaise TAJIMA. Les bureaux sont install\u00e9s en France \u00e0 La Ciotat, en r\u00e9gion Provence-Alpes-C\u00f4te d&#039;Azur. L&#039;entreprise assure \u00e9galement la distribution des machines \u00e0 broder aupr\u00e8s de ses distributeurs en Europe.\" \/>\n<meta property=\"og:url\" content=\"https:\/\/tajvitclone.comandsee.website\/fr\/tajima-europe\/\" \/>\n<meta property=\"og:site_name\" content=\"Tajima Europe\" \/>\n<meta property=\"article:modified_time\" content=\"2025-05-19T11:33:43+00:00\" \/>\n<meta property=\"og:image\" content=\"https:\/\/tajvitclone.comandsee.website\/wp-content\/uploads\/2022\/09\/favicon-Tajima.png\" \/>\n\t<meta property=\"og:image:width\" content=\"512\" \/>\n\t<meta property=\"og:image:height\" content=\"512\" \/>\n\t<meta property=\"og:image:type\" content=\"image\/png\" \/>\n<meta name=\"twitter:card\" content=\"summary_large_image\" \/>\n<meta name=\"twitter:label1\" content=\"Dur\u00e9e de lecture estim\u00e9e\" \/>\n\t<meta name=\"twitter:data1\" content=\"2 minutes\" \/>\n<script type=\"application\/ld+json\" class=\"yoast-schema-graph\">{\"@context\":\"https:\\\/\\\/schema.org\",\"@graph\":[{\"@type\":\"WebPage\",\"@id\":\"https:\\\/\\\/tajvitclone.comandsee.website\\\/fr\\\/tajima-europe\\\/\",\"url\":\"https:\\\/\\\/tajvitclone.comandsee.website\\\/fr\\\/tajima-europe\\\/\",\"name\":\"Tajima Europe - Machines \u00e0 broder industrielles mono t\u00eate et multi t\u00eates\",\"isPartOf\":{\"@id\":\"https:\\\/\\\/tajvitclone.comandsee.website\\\/fr\\\/#website\"},\"datePublished\":\"2022-08-08T07:23:39+00:00\",\"dateModified\":\"2025-05-19T11:33:43+00:00\",\"description\":\"Tajima Europe commercialise en France, au Benelux et en Suisse les machines \u00e0 broder industrielles mono t\u00eate et multi t\u00eates de la marque japonaise TAJIMA. Les bureaux sont install\u00e9s en France \u00e0 La Ciotat, en r\u00e9gion Provence-Alpes-C\u00f4te d'Azur. L'entreprise assure \u00e9galement la distribution des machines \u00e0 broder aupr\u00e8s de ses distributeurs en Europe.\",\"breadcrumb\":{\"@id\":\"https:\\\/\\\/tajvitclone.comandsee.website\\\/fr\\\/tajima-europe\\\/#breadcrumb\"},\"inLanguage\":\"fr-FR\",\"potentialAction\":[{\"@type\":\"ReadAction\",\"target\":[\"https:\\\/\\\/tajvitclone.comandsee.website\\\/fr\\\/tajima-europe\\\/\"]}]},{\"@type\":\"BreadcrumbList\",\"@id\":\"https:\\\/\\\/tajvitclone.comandsee.website\\\/fr\\\/tajima-europe\\\/#breadcrumb\",\"itemListElement\":[{\"@type\":\"ListItem\",\"position\":1,\"name\":\"Accueil\",\"item\":\"https:\\\/\\\/tajvitclone.comandsee.website\\\/fr\\\/\"},{\"@type\":\"ListItem\",\"position\":2,\"name\":\"Tajima Europe\"}]},{\"@type\":\"WebSite\",\"@id\":\"https:\\\/\\\/tajvitclone.comandsee.website\\\/fr\\\/#website\",\"url\":\"https:\\\/\\\/tajvitclone.comandsee.website\\\/fr\\\/\",\"name\":\"Tajima Europe\",\"description\":\"Les experts outils dans les m\u00e9tiers de la broderie\",\"publisher\":{\"@id\":\"https:\\\/\\\/tajvitclone.comandsee.website\\\/fr\\\/#organization\"},\"potentialAction\":[{\"@type\":\"SearchAction\",\"target\":{\"@type\":\"EntryPoint\",\"urlTemplate\":\"https:\\\/\\\/tajvitclone.comandsee.website\\\/fr\\\/?s={search_term_string}\"},\"query-input\":{\"@type\":\"PropertyValueSpecification\",\"valueRequired\":true,\"valueName\":\"search_term_string\"}}],\"inLanguage\":\"fr-FR\"},{\"@type\":\"Organization\",\"@id\":\"https:\\\/\\\/tajvitclone.comandsee.website\\\/fr\\\/#organization\",\"name\":\"Tajima Europe\",\"url\":\"https:\\\/\\\/tajvitclone.comandsee.website\\\/fr\\\/\",\"logo\":{\"@type\":\"ImageObject\",\"inLanguage\":\"fr-FR\",\"@id\":\"https:\\\/\\\/tajvitclone.comandsee.website\\\/fr\\\/#\\\/schema\\\/logo\\\/image\\\/\",\"url\":\"https:\\\/\\\/tajvitclone.comandsee.website\\\/wp-content\\\/uploads\\\/2020\\\/03\\\/logo-mail.jpg\",\"contentUrl\":\"https:\\\/\\\/tajvitclone.comandsee.website\\\/wp-content\\\/uploads\\\/2020\\\/03\\\/logo-mail.jpg\",\"width\":179,\"height\":150,\"caption\":\"Tajima Europe\"},\"image\":{\"@id\":\"https:\\\/\\\/tajvitclone.comandsee.website\\\/fr\\\/#\\\/schema\\\/logo\\\/image\\\/\"}}]}<\/script>\n<!-- \/ Yoast SEO plugin. -->","yoast_head_json":{"title":"Tajima Europe - Machines \u00e0 broder industrielles mono t\u00eate et multi t\u00eates","description":"Tajima Europe commercialise en France, au Benelux et en Suisse les machines \u00e0 broder industrielles mono t\u00eate et multi t\u00eates de la marque japonaise TAJIMA. Les bureaux sont install\u00e9s en France \u00e0 La Ciotat, en r\u00e9gion Provence-Alpes-C\u00f4te d'Azur. L'entreprise assure \u00e9galement la distribution des machines \u00e0 broder aupr\u00e8s de ses distributeurs en Europe.","robots":{"index":"index","follow":"follow","max-snippet":"max-snippet:-1","max-image-preview":"max-image-preview:large","max-video-preview":"max-video-preview:-1"},"canonical":"https:\/\/tajvitclone.comandsee.website\/fr\/tajima-europe\/","og_locale":"fr_FR","og_type":"article","og_title":"Tajima Europe - Machines \u00e0 broder industrielles mono t\u00eate et multi t\u00eates","og_description":"Tajima Europe commercialise en France, au Benelux et en Suisse les machines \u00e0 broder industrielles mono t\u00eate et multi t\u00eates de la marque japonaise TAJIMA. Les bureaux sont install\u00e9s en France \u00e0 La Ciotat, en r\u00e9gion Provence-Alpes-C\u00f4te d'Azur. L'entreprise assure \u00e9galement la distribution des machines \u00e0 broder aupr\u00e8s de ses distributeurs en Europe.","og_url":"https:\/\/tajvitclone.comandsee.website\/fr\/tajima-europe\/","og_site_name":"Tajima Europe","article_modified_time":"2025-05-19T11:33:43+00:00","og_image":[{"width":512,"height":512,"url":"https:\/\/tajvitclone.comandsee.website\/wp-content\/uploads\/2022\/09\/favicon-Tajima.png","type":"image\/png"}],"twitter_card":"summary_large_image","twitter_misc":{"Dur\u00e9e de lecture estim\u00e9e":"2 minutes"},"schema":{"@context":"https:\/\/schema.org","@graph":[{"@type":"WebPage","@id":"https:\/\/tajvitclone.comandsee.website\/fr\/tajima-europe\/","url":"https:\/\/tajvitclone.comandsee.website\/fr\/tajima-europe\/","name":"Tajima Europe - Machines \u00e0 broder industrielles mono t\u00eate et multi t\u00eates","isPartOf":{"@id":"https:\/\/tajvitclone.comandsee.website\/fr\/#website"},"datePublished":"2022-08-08T07:23:39+00:00","dateModified":"2025-05-19T11:33:43+00:00","description":"Tajima Europe commercialise en France, au Benelux et en Suisse les machines \u00e0 broder industrielles mono t\u00eate et multi t\u00eates de la marque japonaise TAJIMA. Les bureaux sont install\u00e9s en France \u00e0 La Ciotat, en r\u00e9gion Provence-Alpes-C\u00f4te d'Azur. L'entreprise assure \u00e9galement la distribution des machines \u00e0 broder aupr\u00e8s de ses distributeurs en Europe.","breadcrumb":{"@id":"https:\/\/tajvitclone.comandsee.website\/fr\/tajima-europe\/#breadcrumb"},"inLanguage":"fr-FR","potentialAction":[{"@type":"ReadAction","target":["https:\/\/tajvitclone.comandsee.website\/fr\/tajima-europe\/"]}]},{"@type":"BreadcrumbList","@id":"https:\/\/tajvitclone.comandsee.website\/fr\/tajima-europe\/#breadcrumb","itemListElement":[{"@type":"ListItem","position":1,"name":"Accueil","item":"https:\/\/tajvitclone.comandsee.website\/fr\/"},{"@type":"ListItem","position":2,"name":"Tajima Europe"}]},{"@type":"WebSite","@id":"https:\/\/tajvitclone.comandsee.website\/fr\/#website","url":"https:\/\/tajvitclone.comandsee.website\/fr\/","name":"Tajima Europe","description":"Les experts outils dans les m\u00e9tiers de la broderie","publisher":{"@id":"https:\/\/tajvitclone.comandsee.website\/fr\/#organization"},"potentialAction":[{"@type":"SearchAction","target":{"@type":"EntryPoint","urlTemplate":"https:\/\/tajvitclone.comandsee.website\/fr\/?s={search_term_string}"},"query-input":{"@type":"PropertyValueSpecification","valueRequired":true,"valueName":"search_term_string"}}],"inLanguage":"fr-FR"},{"@type":"Organization","@id":"https:\/\/tajvitclone.comandsee.website\/fr\/#organization","name":"Tajima Europe","url":"https:\/\/tajvitclone.comandsee.website\/fr\/","logo":{"@type":"ImageObject","inLanguage":"fr-FR","@id":"https:\/\/tajvitclone.comandsee.website\/fr\/#\/schema\/logo\/image\/","url":"https:\/\/tajvitclone.comandsee.website\/wp-content\/uploads\/2020\/03\/logo-mail.jpg","contentUrl":"https:\/\/tajvitclone.comandsee.website\/wp-content\/uploads\/2020\/03\/logo-mail.jpg","width":179,"height":150,"caption":"Tajima Europe"},"image":{"@id":"https:\/\/tajvitclone.comandsee.website\/fr\/#\/schema\/logo\/image\/"}}]}},"_links":{"self":[{"href":"https:\/\/tajvitclone.comandsee.website\/fr\/wp-json\/wp\/v2\/pages\/1652","targetHints":{"allow":["GET"]}}],"collection":[{"href":"https:\/\/tajvitclone.comandsee.website\/fr\/wp-json\/wp\/v2\/pages"}],"about":[{"href":"https:\/\/tajvitclone.comandsee.website\/fr\/wp-json\/wp\/v2\/types\/page"}],"author":[{"embeddable":true,"href":"https:\/\/tajvitclone.comandsee.website\/fr\/wp-json\/wp\/v2\/users\/2"}],"replies":[{"embeddable":true,"href":"https:\/\/tajvitclone.comandsee.website\/fr\/wp-json\/wp\/v2\/comments?post=1652"}],"version-history":[{"count":0,"href":"https:\/\/tajvitclone.comandsee.website\/fr\/wp-json\/wp\/v2\/pages\/1652\/revisions"}],"wp:attachment":[{"href":"https:\/\/tajvitclone.comandsee.website\/fr\/wp-json\/wp\/v2\/media?parent=1652"}],"curies":[{"name":"wp","href":"https:\/\/api.w.org\/{rel}","templated":true}]}}