{"id":1478,"date":"2022-08-05T13:40:35","date_gmt":"2022-08-05T13:40:35","guid":{"rendered":"https:\/\/tajimaeurope.com\/?page_id=1478"},"modified":"2023-07-05T15:27:26","modified_gmt":"2023-07-05T13:27:26","slug":"fonctionnalites-pulse-reponses-logiciel-pulse-tajima-software","status":"publish","type":"page","link":"https:\/\/tajvitclone.comandsee.website\/fr\/conseils-astuces\/fonctionnalites-pulse-reponses-logiciel-pulse-tajima-software\/","title":{"rendered":"Fonctionnalit\u00e9s Pulse"},"content":{"rendered":"\t\t<div data-elementor-type=\"wp-page\" data-elementor-id=\"1478\" class=\"elementor elementor-1478\" data-elementor-post-type=\"page\">\n\t\t\t\t\t\t<section class=\"elementor-section elementor-top-section elementor-element elementor-element-00a5441 elementor-section-boxed elementor-section-height-default elementor-section-height-default\" data-id=\"00a5441\" data-element_type=\"section\" data-e-type=\"section\">\n\t\t\t\t\t\t<div class=\"elementor-container elementor-column-gap-no\">\n\t\t\t\t\t<div class=\"elementor-column elementor-col-100 elementor-top-column elementor-element elementor-element-b5afaa6\" data-id=\"b5afaa6\" data-element_type=\"column\" data-e-type=\"column\">\n\t\t\t<div class=\"elementor-widget-wrap elementor-element-populated\">\n\t\t\t\t\t\t<section class=\"elementor-section elementor-inner-section elementor-element elementor-element-fab1009 elementor-section-boxed elementor-section-height-default elementor-section-height-default\" data-id=\"fab1009\" data-element_type=\"section\" data-e-type=\"section\">\n\t\t\t\t\t\t<div class=\"elementor-container elementor-column-gap-no\">\n\t\t\t\t\t<div class=\"elementor-column elementor-col-100 elementor-inner-column elementor-element elementor-element-2fe654c\" data-id=\"2fe654c\" data-element_type=\"column\" data-e-type=\"column\">\n\t\t\t<div class=\"elementor-widget-wrap elementor-element-populated\">\n\t\t\t\t\t\t<div class=\"elementor-element elementor-element-da25a61 elementor-widget__width-initial elementor-widget elementor-widget-spacer\" data-id=\"da25a61\" data-element_type=\"widget\" data-e-type=\"widget\" data-widget_type=\"spacer.default\">\n\t\t\t\t<div class=\"elementor-widget-container\">\n\t\t\t\t\t\t\t<div class=\"elementor-spacer\">\n\t\t\t<div class=\"elementor-spacer-inner\"><\/div>\n\t\t<\/div>\n\t\t\t\t\t\t<\/div>\n\t\t\t\t<\/div>\n\t\t\t\t<div class=\"elementor-element elementor-element-2bb43fb elementor-widget elementor-widget-heading\" data-id=\"2bb43fb\" data-element_type=\"widget\" data-e-type=\"widget\" data-widget_type=\"heading.default\">\n\t\t\t\t<div class=\"elementor-widget-container\">\n\t\t\t\t\t<h2 class=\"elementor-heading-title elementor-size-default\">Questions fr\u00e9quentes\n<\/h2>\t\t\t\t<\/div>\n\t\t\t\t<\/div>\n\t\t\t\t\t<\/div>\n\t\t<\/div>\n\t\t\t\t\t<\/div>\n\t\t<\/section>\n\t\t\t\t<section class=\"elementor-section elementor-inner-section elementor-element elementor-element-12f111c elementor-section-boxed elementor-section-height-default elementor-section-height-default\" data-id=\"12f111c\" data-element_type=\"section\" data-e-type=\"section\">\n\t\t\t\t\t\t<div class=\"elementor-container elementor-column-gap-no\">\n\t\t\t\t\t<div class=\"elementor-column elementor-col-100 elementor-inner-column elementor-element elementor-element-436820f\" data-id=\"436820f\" data-element_type=\"column\" data-e-type=\"column\">\n\t\t\t<div class=\"elementor-widget-wrap elementor-element-populated\">\n\t\t\t\t\t\t<div class=\"elementor-element elementor-element-375e84c questionModule elementor-widget elementor-widget-toggle\" data-id=\"375e84c\" data-element_type=\"widget\" data-e-type=\"widget\" data-widget_type=\"toggle.default\">\n\t\t\t\t<div class=\"elementor-widget-container\">\n\t\t\t\t\t\t\t<div class=\"elementor-toggle\">\n\t\t\t\t\t\t\t<div class=\"elementor-toggle-item\">\n\t\t\t\t\t<h3 id=\"elementor-tab-title-5801\" class=\"elementor-tab-title\" data-tab=\"1\" role=\"button\" aria-controls=\"elementor-tab-content-5801\" aria-expanded=\"false\">\n\t\t\t\t\t\t\t\t\t\t\t\t<span class=\"elementor-toggle-icon elementor-toggle-icon-left\" aria-hidden=\"true\">\n\t\t\t\t\t\t\t\t\t\t\t\t\t\t\t<span class=\"elementor-toggle-icon-closed\"><svg xmlns=\"http:\/\/www.w3.org\/2000\/svg\" xmlns:xlink=\"http:\/\/www.w3.org\/1999\/xlink\" id=\"Calque_1\" x=\"0px\" y=\"0px\" width=\"37.318px\" height=\"21.373px\" viewBox=\"0 0 37.318 21.373\" xml:space=\"preserve\"><g>\t<polygon points=\"2.797,21.373 0,18.514 18.928,0 37.318,18.534 34.479,21.353 18.885,5.637  \"><\/polygon><\/g><\/svg><\/span>\n\t\t\t\t\t\t\t\t<span class=\"elementor-toggle-icon-opened\"><svg xmlns=\"http:\/\/www.w3.org\/2000\/svg\" xmlns:xlink=\"http:\/\/www.w3.org\/1999\/xlink\" id=\"Calque_1\" x=\"0px\" y=\"0px\" width=\"37.318px\" height=\"21.373px\" viewBox=\"0 0 37.318 21.373\" xml:space=\"preserve\"><g>\t<polygon points=\"2.797,21.373 0,18.514 18.928,0 37.318,18.534 34.479,21.353 18.885,5.637  \"><\/polygon><\/g><\/svg><\/span>\n\t\t\t\t\t\t\t\t\t\t\t\t\t<\/span>\n\t\t\t\t\t\t\t\t\t\t\t\t<a class=\"elementor-toggle-title\" tabindex=\"0\">Quelles sont les fonctionnalit\u00e9s principales par niveau ?<\/a>\n\t\t\t\t\t<\/h3>\n\n\t\t\t\t\t<div id=\"elementor-tab-content-5801\" class=\"elementor-tab-content elementor-clearfix\" data-tab=\"1\" role=\"region\" aria-labelledby=\"elementor-tab-title-5801\"><p>Composer Assistant Monogrammes <br>\nComposer Importation de polices True Type<br>\nComposer Importation automatiques de noms depuis des fichiers XLS<br>\nComposer Possibilit\u00e9 de d\u00e9placer\/tourner\/Incliner les lettres individuellement<br>\nComposer Possibilit\u00e9 de modifier des dessins points ou PXF<br>\nComposer PulseCloud<br>\nComposer Draw Fusion (Compatibilit\u00e9 avec Corel Draw)<\/p>\n\n<p>Creator Outils Bourdon-Piq\u00fbre- Appliqu\u00e9<br>\nCreator Remplissages complexes avec vides<br>\nCreator D\u00e9tourage automatique<br>\nCreator Remplissages programm\u00e9s<br>\nCreator D\u00e9cors grav\u00e9s<br>\nCreator Piq\u00fbres programm\u00e9es<br><\/p>\n\n<p>Illustrator Extreme Outils de dessins<br>\nIllustrator Extreme Combiner\/S\u00e9parer\/Decaler\/D\u00e9couper<br>\nIllustrator Extreme D\u00e9coupage virtuel<br>\nIllustrator Extreme Importation vectorielle<br>\nIllustrator Extreme Conversions illimit\u00e9es<br>\nIllustrator Extreme Branchement pour bourdons et bourdons paralleles<br>\nIllustrator Extreme Points \u00e9tendus dans les coins et les terminaisons<\/p>\n\n<p>Artist Plus Chevauchement automatique<br>\nArtist Plus Cr\u00e9ation de coins personnalis\u00e9s<br>\nArtist Plus Densit\u00e9 graduelle<br>\nArtist Plus M\u00e9lange de fils<br>\nArtist Plus Possibilit\u00e9 de cr\u00e9er des points d\u00e9coratifs programm\u00e9s\/grav\u00e9s<\/p>\n\n<p style=\"margin-bottom: 0;\">Maestro Point fourrure<br>\nMaestro Remplissage en vague<br>\nMaestro Remplissage en spirale<br>\nMaestro Point E<br>\nMaestro Point cascade<br>\nMaestro Compensation avanc\u00e9e<br>\nMaestro Compensation de pouss\u00e9e<br>\nMaestro Depart\/fin automatiques<br>\nMaestro D\u00e9coupage automatique<br>\nMaestro S\u00e9quence automatique<\/p><\/div>\n\t\t\t\t<\/div>\n\t\t\t\t\t\t\t\t<\/div>\n\t\t\t\t\t\t<\/div>\n\t\t\t\t<\/div>\n\t\t\t\t\t<\/div>\n\t\t<\/div>\n\t\t\t\t\t<\/div>\n\t\t<\/section>\n\t\t\t\t\t<\/div>\n\t\t<\/div>\n\t\t\t\t\t<\/div>\n\t\t<\/section>\n\t\t\t\t<section class=\"elementor-section elementor-top-section elementor-element elementor-element-35feafc elementor-section-boxed elementor-section-height-default elementor-section-height-default\" data-id=\"35feafc\" data-element_type=\"section\" data-e-type=\"section\">\n\t\t\t\t\t\t<div class=\"elementor-container elementor-column-gap-no\">\n\t\t\t\t\t<div class=\"elementor-column elementor-col-100 elementor-top-column elementor-element elementor-element-c5eea7a\" data-id=\"c5eea7a\" data-element_type=\"column\" data-e-type=\"column\">\n\t\t\t<div class=\"elementor-widget-wrap elementor-element-populated\">\n\t\t\t\t\t\t<section class=\"elementor-section elementor-inner-section elementor-element elementor-element-0fe2b1f elementor-section-full_width elementor-section-height-default elementor-section-height-default\" data-id=\"0fe2b1f\" data-element_type=\"section\" data-e-type=\"section\">\n\t\t\t\t\t\t<div class=\"elementor-container elementor-column-gap-no\">\n\t\t\t\t\t<div class=\"elementor-column elementor-col-100 elementor-inner-column elementor-element elementor-element-9735ecb\" data-id=\"9735ecb\" data-element_type=\"column\" data-e-type=\"column\">\n\t\t\t<div class=\"elementor-widget-wrap elementor-element-populated\">\n\t\t\t\t\t\t<div class=\"elementor-element elementor-element-8e71b02 elementor-nav-menu__align-center elementor-nav-menu--dropdown-none menuFooter elementor-widget elementor-widget-nav-menu\" data-id=\"8e71b02\" data-element_type=\"widget\" data-e-type=\"widget\" data-settings=\"{&quot;submenu_icon&quot;:{&quot;value&quot;:&quot;&lt;i class=\\&quot;\\&quot; aria-hidden=\\&quot;true\\&quot;&gt;&lt;\\\/i&gt;&quot;,&quot;library&quot;:&quot;&quot;},&quot;layout&quot;:&quot;horizontal&quot;}\" data-widget_type=\"nav-menu.default\">\n\t\t\t\t<div class=\"elementor-widget-container\">\n\t\t\t\t\t\t\t\t<nav aria-label=\"Menu\" class=\"elementor-nav-menu--main elementor-nav-menu__container elementor-nav-menu--layout-horizontal e--pointer-none\">\n\t\t\t\t<ul id=\"menu-1-8e71b02\" class=\"elementor-nav-menu\"><li class=\"menu-item menu-item-type-post_type menu-item-object-page menu-item-1549\"><a href=\"https:\/\/tajvitclone.comandsee.website\/fr\/conseils-astuces\/les-machines-a-broder\/\" class=\"elementor-item\">Les machines \u00e0 broder<\/a><\/li>\n<li class=\"menu-item menu-item-type-post_type menu-item-object-page menu-item-1550\"><a href=\"https:\/\/tajvitclone.comandsee.website\/fr\/conseils-astuces\/utilisations-des-cadres\/\" class=\"elementor-item\">Utilisations des cadres<\/a><\/li>\n<li class=\"menu-item menu-item-type-post_type menu-item-object-page menu-item-1548\"><a href=\"https:\/\/tajvitclone.comandsee.website\/fr\/conseils-astuces\/pulse-dg16\/\" class=\"elementor-item\">Pulse DG16<\/a><\/li>\n<li class=\"menu-item menu-item-type-post_type menu-item-object-page menu-item-1547\"><a href=\"https:\/\/tajvitclone.comandsee.website\/fr\/conseils-astuces\/pulsecloud\/\" class=\"elementor-item\">PulseCloud<\/a><\/li>\n<li class=\"menu-item menu-item-type-post_type menu-item-object-page menu-item-1546\"><a href=\"https:\/\/tajvitclone.comandsee.website\/fr\/conseils-astuces\/autograph\/\" class=\"elementor-item\">Autograph<\/a><\/li>\n<li class=\"menu-item menu-item-type-post_type menu-item-object-page menu-item-1545\"><a href=\"https:\/\/tajvitclone.comandsee.website\/fr\/conseils-astuces\/reseau-machines\/\" class=\"elementor-item\">R\u00e9seau machines<\/a><\/li>\n<li class=\"menu-item menu-item-type-post_type menu-item-object-page menu-item-1544\"><a href=\"https:\/\/tajvitclone.comandsee.website\/fr\/conseils-astuces\/fonctionnalites-pulse-reponses-logiciel-pulse-tajima-software\/\" class=\"elementor-item\">Fonctionnalit\u00e9s Pulse<\/a><\/li>\n<li class=\"menu-item menu-item-type-post_type menu-item-object-page menu-item-20639\"><a href=\"https:\/\/tajvitclone.comandsee.website\/fr\/conseils-astuces\/fils-et-consommables\/\" class=\"elementor-item\">Fils et consommables<\/a><\/li>\n<\/ul>\t\t\t<\/nav>\n\t\t\t\t\t\t<nav class=\"elementor-nav-menu--dropdown elementor-nav-menu__container\" aria-hidden=\"true\">\n\t\t\t\t<ul id=\"menu-2-8e71b02\" class=\"elementor-nav-menu\"><li class=\"menu-item menu-item-type-post_type menu-item-object-page menu-item-1549\"><a href=\"https:\/\/tajvitclone.comandsee.website\/fr\/conseils-astuces\/les-machines-a-broder\/\" class=\"elementor-item\" tabindex=\"-1\">Les machines \u00e0 broder<\/a><\/li>\n<li class=\"menu-item menu-item-type-post_type menu-item-object-page menu-item-1550\"><a href=\"https:\/\/tajvitclone.comandsee.website\/fr\/conseils-astuces\/utilisations-des-cadres\/\" class=\"elementor-item\" tabindex=\"-1\">Utilisations des cadres<\/a><\/li>\n<li class=\"menu-item menu-item-type-post_type menu-item-object-page menu-item-1548\"><a href=\"https:\/\/tajvitclone.comandsee.website\/fr\/conseils-astuces\/pulse-dg16\/\" class=\"elementor-item\" tabindex=\"-1\">Pulse DG16<\/a><\/li>\n<li class=\"menu-item menu-item-type-post_type menu-item-object-page menu-item-1547\"><a href=\"https:\/\/tajvitclone.comandsee.website\/fr\/conseils-astuces\/pulsecloud\/\" class=\"elementor-item\" tabindex=\"-1\">PulseCloud<\/a><\/li>\n<li class=\"menu-item menu-item-type-post_type menu-item-object-page menu-item-1546\"><a href=\"https:\/\/tajvitclone.comandsee.website\/fr\/conseils-astuces\/autograph\/\" class=\"elementor-item\" tabindex=\"-1\">Autograph<\/a><\/li>\n<li class=\"menu-item menu-item-type-post_type menu-item-object-page menu-item-1545\"><a href=\"https:\/\/tajvitclone.comandsee.website\/fr\/conseils-astuces\/reseau-machines\/\" class=\"elementor-item\" tabindex=\"-1\">R\u00e9seau machines<\/a><\/li>\n<li class=\"menu-item menu-item-type-post_type menu-item-object-page menu-item-1544\"><a href=\"https:\/\/tajvitclone.comandsee.website\/fr\/conseils-astuces\/fonctionnalites-pulse-reponses-logiciel-pulse-tajima-software\/\" class=\"elementor-item\" tabindex=\"-1\">Fonctionnalit\u00e9s Pulse<\/a><\/li>\n<li class=\"menu-item menu-item-type-post_type menu-item-object-page menu-item-20639\"><a href=\"https:\/\/tajvitclone.comandsee.website\/fr\/conseils-astuces\/fils-et-consommables\/\" class=\"elementor-item\" tabindex=\"-1\">Fils et consommables<\/a><\/li>\n<\/ul>\t\t\t<\/nav>\n\t\t\t\t\t\t<\/div>\n\t\t\t\t<\/div>\n\t\t\t\t\t<\/div>\n\t\t<\/div>\n\t\t\t\t\t<\/div>\n\t\t<\/section>\n\t\t\t\t\t<\/div>\n\t\t<\/div>\n\t\t\t\t\t<\/div>\n\t\t<\/section>\n\t\t\t\t<\/div>\n\t\t","protected":false},"excerpt":{"rendered":"<p>Questions fr\u00e9quentes Quelles sont les fonctionnalit\u00e9s principales par niveau ? Composer Assistant Monogrammes Composer Importation de polices True Type Composer Importation automatiques de noms depuis des fichiers XLS Composer Possibilit\u00e9 de d\u00e9placer\/tourner\/Incliner les lettres individuellement Composer Possibilit\u00e9 de modifier des dessins points ou PXF Composer PulseCloud Composer Draw Fusion (Compatibilit\u00e9 avec Corel Draw) Creator Outils&hellip;&nbsp;<a href=\"https:\/\/tajvitclone.comandsee.website\/fr\/conseils-astuces\/fonctionnalites-pulse-reponses-logiciel-pulse-tajima-software\/\" rel=\"bookmark\">Lire la suite &raquo;<span class=\"screen-reader-text\">Fonctionnalit\u00e9s Pulse<\/span><\/a><\/p>\n","protected":false},"author":2,"featured_media":0,"parent":1217,"menu_order":0,"comment_status":"closed","ping_status":"closed","template":"page-templates\/template-pagebuilder-full-width.php","meta":{"_acf_changed":false,"neve_meta_sidebar":"","neve_meta_container":"","neve_meta_enable_content_width":"","neve_meta_content_width":0,"neve_meta_title_alignment":"","neve_meta_author_avatar":"","neve_post_elements_order":"","neve_meta_disable_header":"","neve_meta_disable_footer":"","neve_meta_disable_title":"","footnotes":""},"class_list":["post-1478","page","type-page","status-publish","hentry"],"acf":[],"yoast_head":"<!-- This site is optimized with the Yoast SEO plugin v27.4 - https:\/\/yoast.com\/product\/yoast-seo-wordpress\/ -->\n<title>Fonctionnalit\u00e9s Pulse - Tajima Europe<\/title>\n<meta name=\"description\" content=\"Retrouvez les r\u00e9ponses aux questions les plus fr\u00e9quentes au questions sur les fonctionnalit\u00e9s du logiciel Pulse Tajima Software.\" \/>\n<meta name=\"robots\" content=\"index, follow, max-snippet:-1, max-image-preview:large, max-video-preview:-1\" \/>\n<link rel=\"canonical\" href=\"https:\/\/tajvitclone.comandsee.website\/fr\/conseils-astuces\/fonctionnalites-pulse-reponses-logiciel-pulse-tajima-software\/\" \/>\n<meta property=\"og:locale\" content=\"fr_FR\" \/>\n<meta property=\"og:type\" content=\"article\" \/>\n<meta property=\"og:title\" content=\"Fonctionnalit\u00e9s Pulse - Tajima Europe\" \/>\n<meta property=\"og:description\" content=\"Retrouvez les r\u00e9ponses aux questions les plus fr\u00e9quentes au questions sur les fonctionnalit\u00e9s du logiciel Pulse Tajima Software.\" \/>\n<meta property=\"og:url\" content=\"https:\/\/tajvitclone.comandsee.website\/fr\/conseils-astuces\/fonctionnalites-pulse-reponses-logiciel-pulse-tajima-software\/\" \/>\n<meta property=\"og:site_name\" content=\"Tajima Europe\" \/>\n<meta property=\"article:modified_time\" content=\"2023-07-05T13:27:26+00:00\" \/>\n<meta property=\"og:image\" content=\"https:\/\/tajvitclone.comandsee.website\/wp-content\/uploads\/2022\/09\/favicon-Tajima.png\" \/>\n\t<meta property=\"og:image:width\" content=\"512\" \/>\n\t<meta property=\"og:image:height\" content=\"512\" \/>\n\t<meta property=\"og:image:type\" content=\"image\/png\" \/>\n<meta name=\"twitter:card\" content=\"summary_large_image\" \/>\n<meta name=\"twitter:label1\" content=\"Dur\u00e9e de lecture estim\u00e9e\" \/>\n\t<meta name=\"twitter:data1\" content=\"1 minute\" \/>\n<script type=\"application\/ld+json\" class=\"yoast-schema-graph\">{\"@context\":\"https:\\\/\\\/schema.org\",\"@graph\":[{\"@type\":\"WebPage\",\"@id\":\"https:\\\/\\\/tajvitclone.comandsee.website\\\/fr\\\/conseils-astuces\\\/fonctionnalites-pulse-reponses-logiciel-pulse-tajima-software\\\/\",\"url\":\"https:\\\/\\\/tajvitclone.comandsee.website\\\/fr\\\/conseils-astuces\\\/fonctionnalites-pulse-reponses-logiciel-pulse-tajima-software\\\/\",\"name\":\"Fonctionnalit\u00e9s Pulse - Tajima Europe\",\"isPartOf\":{\"@id\":\"https:\\\/\\\/tajvitclone.comandsee.website\\\/fr\\\/#website\"},\"datePublished\":\"2022-08-05T13:40:35+00:00\",\"dateModified\":\"2023-07-05T13:27:26+00:00\",\"description\":\"Retrouvez les r\u00e9ponses aux questions les plus fr\u00e9quentes au questions sur les fonctionnalit\u00e9s du logiciel Pulse Tajima Software.\",\"breadcrumb\":{\"@id\":\"https:\\\/\\\/tajvitclone.comandsee.website\\\/fr\\\/conseils-astuces\\\/fonctionnalites-pulse-reponses-logiciel-pulse-tajima-software\\\/#breadcrumb\"},\"inLanguage\":\"fr-FR\",\"potentialAction\":[{\"@type\":\"ReadAction\",\"target\":[\"https:\\\/\\\/tajvitclone.comandsee.website\\\/fr\\\/conseils-astuces\\\/fonctionnalites-pulse-reponses-logiciel-pulse-tajima-software\\\/\"]}]},{\"@type\":\"BreadcrumbList\",\"@id\":\"https:\\\/\\\/tajvitclone.comandsee.website\\\/fr\\\/conseils-astuces\\\/fonctionnalites-pulse-reponses-logiciel-pulse-tajima-software\\\/#breadcrumb\",\"itemListElement\":[{\"@type\":\"ListItem\",\"position\":1,\"name\":\"Accueil\",\"item\":\"https:\\\/\\\/tajvitclone.comandsee.website\\\/fr\\\/\"},{\"@type\":\"ListItem\",\"position\":2,\"name\":\"Conseils\\\/astuces\",\"item\":\"https:\\\/\\\/tajvitclone.comandsee.website\\\/fr\\\/conseils-astuces\\\/\"},{\"@type\":\"ListItem\",\"position\":3,\"name\":\"Fonctionnalit\u00e9s Pulse\"}]},{\"@type\":\"WebSite\",\"@id\":\"https:\\\/\\\/tajvitclone.comandsee.website\\\/fr\\\/#website\",\"url\":\"https:\\\/\\\/tajvitclone.comandsee.website\\\/fr\\\/\",\"name\":\"Tajima Europe\",\"description\":\"Les experts outils dans les m\u00e9tiers de la broderie\",\"publisher\":{\"@id\":\"https:\\\/\\\/tajvitclone.comandsee.website\\\/fr\\\/#organization\"},\"potentialAction\":[{\"@type\":\"SearchAction\",\"target\":{\"@type\":\"EntryPoint\",\"urlTemplate\":\"https:\\\/\\\/tajvitclone.comandsee.website\\\/fr\\\/?s={search_term_string}\"},\"query-input\":{\"@type\":\"PropertyValueSpecification\",\"valueRequired\":true,\"valueName\":\"search_term_string\"}}],\"inLanguage\":\"fr-FR\"},{\"@type\":\"Organization\",\"@id\":\"https:\\\/\\\/tajvitclone.comandsee.website\\\/fr\\\/#organization\",\"name\":\"Tajima Europe\",\"url\":\"https:\\\/\\\/tajvitclone.comandsee.website\\\/fr\\\/\",\"logo\":{\"@type\":\"ImageObject\",\"inLanguage\":\"fr-FR\",\"@id\":\"https:\\\/\\\/tajvitclone.comandsee.website\\\/fr\\\/#\\\/schema\\\/logo\\\/image\\\/\",\"url\":\"https:\\\/\\\/tajvitclone.comandsee.website\\\/wp-content\\\/uploads\\\/2020\\\/03\\\/logo-mail.jpg\",\"contentUrl\":\"https:\\\/\\\/tajvitclone.comandsee.website\\\/wp-content\\\/uploads\\\/2020\\\/03\\\/logo-mail.jpg\",\"width\":179,\"height\":150,\"caption\":\"Tajima Europe\"},\"image\":{\"@id\":\"https:\\\/\\\/tajvitclone.comandsee.website\\\/fr\\\/#\\\/schema\\\/logo\\\/image\\\/\"}}]}<\/script>\n<!-- \/ Yoast SEO plugin. -->","yoast_head_json":{"title":"Fonctionnalit\u00e9s Pulse - Tajima Europe","description":"Retrouvez les r\u00e9ponses aux questions les plus fr\u00e9quentes au questions sur les fonctionnalit\u00e9s du logiciel Pulse Tajima Software.","robots":{"index":"index","follow":"follow","max-snippet":"max-snippet:-1","max-image-preview":"max-image-preview:large","max-video-preview":"max-video-preview:-1"},"canonical":"https:\/\/tajvitclone.comandsee.website\/fr\/conseils-astuces\/fonctionnalites-pulse-reponses-logiciel-pulse-tajima-software\/","og_locale":"fr_FR","og_type":"article","og_title":"Fonctionnalit\u00e9s Pulse - Tajima Europe","og_description":"Retrouvez les r\u00e9ponses aux questions les plus fr\u00e9quentes au questions sur les fonctionnalit\u00e9s du logiciel Pulse Tajima Software.","og_url":"https:\/\/tajvitclone.comandsee.website\/fr\/conseils-astuces\/fonctionnalites-pulse-reponses-logiciel-pulse-tajima-software\/","og_site_name":"Tajima Europe","article_modified_time":"2023-07-05T13:27:26+00:00","og_image":[{"width":512,"height":512,"url":"https:\/\/tajvitclone.comandsee.website\/wp-content\/uploads\/2022\/09\/favicon-Tajima.png","type":"image\/png"}],"twitter_card":"summary_large_image","twitter_misc":{"Dur\u00e9e de lecture estim\u00e9e":"1 minute"},"schema":{"@context":"https:\/\/schema.org","@graph":[{"@type":"WebPage","@id":"https:\/\/tajvitclone.comandsee.website\/fr\/conseils-astuces\/fonctionnalites-pulse-reponses-logiciel-pulse-tajima-software\/","url":"https:\/\/tajvitclone.comandsee.website\/fr\/conseils-astuces\/fonctionnalites-pulse-reponses-logiciel-pulse-tajima-software\/","name":"Fonctionnalit\u00e9s Pulse - Tajima Europe","isPartOf":{"@id":"https:\/\/tajvitclone.comandsee.website\/fr\/#website"},"datePublished":"2022-08-05T13:40:35+00:00","dateModified":"2023-07-05T13:27:26+00:00","description":"Retrouvez les r\u00e9ponses aux questions les plus fr\u00e9quentes au questions sur les fonctionnalit\u00e9s du logiciel Pulse Tajima Software.","breadcrumb":{"@id":"https:\/\/tajvitclone.comandsee.website\/fr\/conseils-astuces\/fonctionnalites-pulse-reponses-logiciel-pulse-tajima-software\/#breadcrumb"},"inLanguage":"fr-FR","potentialAction":[{"@type":"ReadAction","target":["https:\/\/tajvitclone.comandsee.website\/fr\/conseils-astuces\/fonctionnalites-pulse-reponses-logiciel-pulse-tajima-software\/"]}]},{"@type":"BreadcrumbList","@id":"https:\/\/tajvitclone.comandsee.website\/fr\/conseils-astuces\/fonctionnalites-pulse-reponses-logiciel-pulse-tajima-software\/#breadcrumb","itemListElement":[{"@type":"ListItem","position":1,"name":"Accueil","item":"https:\/\/tajvitclone.comandsee.website\/fr\/"},{"@type":"ListItem","position":2,"name":"Conseils\/astuces","item":"https:\/\/tajvitclone.comandsee.website\/fr\/conseils-astuces\/"},{"@type":"ListItem","position":3,"name":"Fonctionnalit\u00e9s Pulse"}]},{"@type":"WebSite","@id":"https:\/\/tajvitclone.comandsee.website\/fr\/#website","url":"https:\/\/tajvitclone.comandsee.website\/fr\/","name":"Tajima Europe","description":"Les experts outils dans les m\u00e9tiers de la broderie","publisher":{"@id":"https:\/\/tajvitclone.comandsee.website\/fr\/#organization"},"potentialAction":[{"@type":"SearchAction","target":{"@type":"EntryPoint","urlTemplate":"https:\/\/tajvitclone.comandsee.website\/fr\/?s={search_term_string}"},"query-input":{"@type":"PropertyValueSpecification","valueRequired":true,"valueName":"search_term_string"}}],"inLanguage":"fr-FR"},{"@type":"Organization","@id":"https:\/\/tajvitclone.comandsee.website\/fr\/#organization","name":"Tajima Europe","url":"https:\/\/tajvitclone.comandsee.website\/fr\/","logo":{"@type":"ImageObject","inLanguage":"fr-FR","@id":"https:\/\/tajvitclone.comandsee.website\/fr\/#\/schema\/logo\/image\/","url":"https:\/\/tajvitclone.comandsee.website\/wp-content\/uploads\/2020\/03\/logo-mail.jpg","contentUrl":"https:\/\/tajvitclone.comandsee.website\/wp-content\/uploads\/2020\/03\/logo-mail.jpg","width":179,"height":150,"caption":"Tajima Europe"},"image":{"@id":"https:\/\/tajvitclone.comandsee.website\/fr\/#\/schema\/logo\/image\/"}}]}},"_links":{"self":[{"href":"https:\/\/tajvitclone.comandsee.website\/fr\/wp-json\/wp\/v2\/pages\/1478","targetHints":{"allow":["GET"]}}],"collection":[{"href":"https:\/\/tajvitclone.comandsee.website\/fr\/wp-json\/wp\/v2\/pages"}],"about":[{"href":"https:\/\/tajvitclone.comandsee.website\/fr\/wp-json\/wp\/v2\/types\/page"}],"author":[{"embeddable":true,"href":"https:\/\/tajvitclone.comandsee.website\/fr\/wp-json\/wp\/v2\/users\/2"}],"replies":[{"embeddable":true,"href":"https:\/\/tajvitclone.comandsee.website\/fr\/wp-json\/wp\/v2\/comments?post=1478"}],"version-history":[{"count":0,"href":"https:\/\/tajvitclone.comandsee.website\/fr\/wp-json\/wp\/v2\/pages\/1478\/revisions"}],"up":[{"embeddable":true,"href":"https:\/\/tajvitclone.comandsee.website\/fr\/wp-json\/wp\/v2\/pages\/1217"}],"wp:attachment":[{"href":"https:\/\/tajvitclone.comandsee.website\/fr\/wp-json\/wp\/v2\/media?parent=1478"}],"curies":[{"name":"wp","href":"https:\/\/api.w.org\/{rel}","templated":true}]}}