{"id":1035,"date":"2022-08-05T08:52:40","date_gmt":"2022-08-05T08:52:40","guid":{"rendered":"https:\/\/tajimaeurope.com\/?page_id=1035"},"modified":"2023-03-17T12:49:23","modified_gmt":"2023-03-17T12:49:23","slug":"recrutement","status":"publish","type":"page","link":"https:\/\/tajvitclone.comandsee.website\/fr\/informations-tajima-europe\/recrutement\/","title":{"rendered":"Recrutement"},"content":{"rendered":"\t\t<div data-elementor-type=\"wp-page\" data-elementor-id=\"1035\" class=\"elementor elementor-1035\" data-elementor-post-type=\"page\">\n\t\t\t\t\t\t<section class=\"elementor-section elementor-top-section elementor-element elementor-element-57c5186 elementor-section-boxed elementor-section-height-default elementor-section-height-default\" data-id=\"57c5186\" data-element_type=\"section\" data-e-type=\"section\">\n\t\t\t\t\t\t<div class=\"elementor-container elementor-column-gap-no\">\n\t\t\t\t\t<div class=\"elementor-column elementor-col-100 elementor-top-column elementor-element elementor-element-d04a671\" data-id=\"d04a671\" data-element_type=\"column\" data-e-type=\"column\">\n\t\t\t<div class=\"elementor-widget-wrap elementor-element-populated\">\n\t\t\t\t\t\t<section class=\"elementor-section elementor-inner-section elementor-element elementor-element-9c7c883 elementor-section-boxed elementor-section-height-default elementor-section-height-default\" data-id=\"9c7c883\" data-element_type=\"section\" data-e-type=\"section\">\n\t\t\t\t\t\t<div class=\"elementor-container elementor-column-gap-no\">\n\t\t\t\t\t<div class=\"elementor-column elementor-col-100 elementor-inner-column elementor-element elementor-element-d21ee13\" data-id=\"d21ee13\" data-element_type=\"column\" data-e-type=\"column\">\n\t\t\t<div class=\"elementor-widget-wrap elementor-element-populated\">\n\t\t\t\t\t\t<div class=\"elementor-element elementor-element-d4494d3 elementor-widget__width-initial elementor-widget elementor-widget-spacer\" data-id=\"d4494d3\" data-element_type=\"widget\" data-e-type=\"widget\" data-widget_type=\"spacer.default\">\n\t\t\t\t<div class=\"elementor-widget-container\">\n\t\t\t\t\t\t\t<div class=\"elementor-spacer\">\n\t\t\t<div class=\"elementor-spacer-inner\"><\/div>\n\t\t<\/div>\n\t\t\t\t\t\t<\/div>\n\t\t\t\t<\/div>\n\t\t\t\t<div class=\"elementor-element elementor-element-bfaec24 elementor-widget elementor-widget-jet-listing-grid\" data-id=\"bfaec24\" data-element_type=\"widget\" data-e-type=\"widget\" data-settings=\"{&quot;columns&quot;:&quot;2&quot;,&quot;columns_tablet&quot;:&quot;2&quot;,&quot;columns_mobile&quot;:&quot;1&quot;}\" data-widget_type=\"jet-listing-grid.default\">\n\t\t\t\t<div class=\"elementor-widget-container\">\n\t\t\t\t\t<div class=\"jet-listing-grid jet-listing\"><div class=\"jet-listing-not-found jet-listing-grid__items\" data-nav=\"{&quot;enabled&quot;:false,&quot;type&quot;:null,&quot;more_el&quot;:null,&quot;query&quot;:[],&quot;widget_settings&quot;:{&quot;lisitng_id&quot;:13483,&quot;posts_num&quot;:6,&quot;columns&quot;:2,&quot;columns_tablet&quot;:2,&quot;columns_mobile&quot;:1,&quot;column_min_width&quot;:240,&quot;column_min_width_tablet&quot;:240,&quot;column_min_width_mobile&quot;:240,&quot;inline_columns_css&quot;:false,&quot;is_archive_template&quot;:&quot;&quot;,&quot;post_status&quot;:[&quot;publish&quot;],&quot;use_random_posts_num&quot;:&quot;&quot;,&quot;max_posts_num&quot;:9,&quot;not_found_message&quot;:&quot;Il n&#039;y a pas de poste ouvert au recrutement actuellement&quot;,&quot;is_masonry&quot;:false,&quot;equal_columns_height&quot;:&quot;&quot;,&quot;use_load_more&quot;:&quot;&quot;,&quot;load_more_id&quot;:&quot;&quot;,&quot;load_more_type&quot;:&quot;click&quot;,&quot;load_more_offset&quot;:{&quot;unit&quot;:&quot;px&quot;,&quot;size&quot;:0,&quot;sizes&quot;:[]},&quot;use_custom_post_types&quot;:&quot;&quot;,&quot;custom_post_types&quot;:[],&quot;hide_widget_if&quot;:&quot;&quot;,&quot;carousel_enabled&quot;:&quot;&quot;,&quot;slides_to_scroll&quot;:&quot;1&quot;,&quot;arrows&quot;:&quot;true&quot;,&quot;arrow_icon&quot;:&quot;fa fa-angle-left&quot;,&quot;dots&quot;:&quot;&quot;,&quot;autoplay&quot;:&quot;true&quot;,&quot;pause_on_hover&quot;:&quot;true&quot;,&quot;autoplay_speed&quot;:5000,&quot;infinite&quot;:&quot;true&quot;,&quot;center_mode&quot;:&quot;&quot;,&quot;effect&quot;:&quot;slide&quot;,&quot;speed&quot;:500,&quot;inject_alternative_items&quot;:&quot;&quot;,&quot;injection_items&quot;:[],&quot;scroll_slider_enabled&quot;:&quot;&quot;,&quot;scroll_slider_on&quot;:[&quot;desktop&quot;,&quot;tablet&quot;,&quot;mobile&quot;],&quot;custom_query&quot;:false,&quot;custom_query_id&quot;:&quot;&quot;,&quot;_element_id&quot;:&quot;&quot;,&quot;collapse_first_last_gap&quot;:false,&quot;list_tag_selection&quot;:&quot;&quot;,&quot;list_items_wrapper_tag&quot;:&quot;div&quot;,&quot;list_item_tag&quot;:&quot;div&quot;,&quot;empty_items_wrapper_tag&quot;:&quot;div&quot;}}\" data-listing-source=\"posts\" data-listing-id=\"13483\" data-query-id=\"\" data-queried-id=\"1035|WP_Post\">Il n'y a pas de poste ouvert au recrutement actuellement<\/div><\/div>\t\t\t\t<\/div>\n\t\t\t\t<\/div>\n\t\t\t\t<div class=\"elementor-element elementor-element-7375b46 elementor-widget elementor-widget-menu-anchor\" data-id=\"7375b46\" data-element_type=\"widget\" data-e-type=\"widget\" data-widget_type=\"menu-anchor.default\">\n\t\t\t\t<div class=\"elementor-widget-container\">\n\t\t\t\t\t\t\t<div class=\"elementor-menu-anchor\" id=\"emploi\"><\/div>\n\t\t\t\t\t\t<\/div>\n\t\t\t\t<\/div>\n\t\t\t\t<div class=\"elementor-element elementor-element-330080e machineForm elementor-widget elementor-widget-shortcode\" data-id=\"330080e\" data-element_type=\"widget\" data-e-type=\"widget\" data-widget_type=\"shortcode.default\">\n\t\t\t\t<div class=\"elementor-widget-container\">\n\t\t\t\t\t\t\t<div class=\"elementor-shortcode\"><\/div>\n\t\t\t\t\t\t<\/div>\n\t\t\t\t<\/div>\n\t\t\t\t\t<\/div>\n\t\t<\/div>\n\t\t\t\t\t<\/div>\n\t\t<\/section>\n\t\t\t\t\t<\/div>\n\t\t<\/div>\n\t\t\t\t\t<\/div>\n\t\t<\/section>\n\t\t\t\t<section class=\"elementor-section elementor-top-section elementor-element elementor-element-92811e1 elementor-section-boxed elementor-section-height-default elementor-section-height-default\" data-id=\"92811e1\" data-element_type=\"section\" data-e-type=\"section\">\n\t\t\t\t\t\t<div class=\"elementor-container elementor-column-gap-no\">\n\t\t\t\t\t<div class=\"elementor-column elementor-col-100 elementor-top-column elementor-element elementor-element-e0557cf\" data-id=\"e0557cf\" data-element_type=\"column\" data-e-type=\"column\">\n\t\t\t<div class=\"elementor-widget-wrap elementor-element-populated\">\n\t\t\t\t\t\t<section class=\"elementor-section elementor-inner-section elementor-element elementor-element-4fe75c7 elementor-section-full_width elementor-section-height-default elementor-section-height-default\" data-id=\"4fe75c7\" data-element_type=\"section\" data-e-type=\"section\">\n\t\t\t\t\t\t<div class=\"elementor-container elementor-column-gap-no\">\n\t\t\t\t\t<div class=\"elementor-column elementor-col-100 elementor-inner-column elementor-element elementor-element-dbc2f0e\" data-id=\"dbc2f0e\" data-element_type=\"column\" data-e-type=\"column\">\n\t\t\t<div class=\"elementor-widget-wrap elementor-element-populated\">\n\t\t\t\t\t\t<div class=\"elementor-element elementor-element-2347156 elementor-nav-menu__align-center elementor-nav-menu--dropdown-none menuFooter elementor-widget elementor-widget-nav-menu\" data-id=\"2347156\" data-element_type=\"widget\" data-e-type=\"widget\" data-settings=\"{&quot;submenu_icon&quot;:{&quot;value&quot;:&quot;&lt;i class=\\&quot;\\&quot; aria-hidden=\\&quot;true\\&quot;&gt;&lt;\\\/i&gt;&quot;,&quot;library&quot;:&quot;&quot;},&quot;layout&quot;:&quot;horizontal&quot;}\" data-widget_type=\"nav-menu.default\">\n\t\t\t\t<div class=\"elementor-widget-container\">\n\t\t\t\t\t\t\t\t<nav aria-label=\"Menu\" class=\"elementor-nav-menu--main elementor-nav-menu__container elementor-nav-menu--layout-horizontal e--pointer-none\">\n\t\t\t\t<ul id=\"menu-1-2347156\" class=\"elementor-nav-menu\"><li class=\"menu-item menu-item-type-post_type menu-item-object-page menu-item-privacy-policy menu-item-994\"><a rel=\"privacy-policy\" href=\"https:\/\/tajvitclone.comandsee.website\/fr\/informations-tajima-europe\/mentions-legales\/\" class=\"elementor-item\">Mentions l\u00e9gales<\/a><\/li>\n<li class=\"menu-item menu-item-type-post_type menu-item-object-page menu-item-1044\"><a href=\"https:\/\/tajvitclone.comandsee.website\/fr\/informations-tajima-europe\/recrutement\/\" class=\"elementor-item\">Recrutement<\/a><\/li>\n<li class=\"menu-item menu-item-type-post_type menu-item-object-page menu-item-1086\"><a href=\"https:\/\/tajvitclone.comandsee.website\/fr\/informations-tajima-europe\/plan-de-site-tajima-europe-site-map\/\" class=\"elementor-item\">Plan de site<\/a><\/li>\n<li class=\"menu-item menu-item-type-post_type menu-item-object-page menu-item-1100\"><a href=\"https:\/\/tajvitclone.comandsee.website\/fr\/informations-tajima-europe\/partenaires-de-tajima-europe\/\" class=\"elementor-item\">Partenaires<\/a><\/li>\n<li class=\"menu-item menu-item-type-post_type menu-item-object-page menu-item-1479\"><a href=\"https:\/\/tajvitclone.comandsee.website\/fr\/informations-tajima-europe\/politique-de-confidentialite\/\" class=\"elementor-item\">Confidentialit\u00e9<\/a><\/li>\n<\/ul>\t\t\t<\/nav>\n\t\t\t\t\t\t<nav class=\"elementor-nav-menu--dropdown elementor-nav-menu__container\" aria-hidden=\"true\">\n\t\t\t\t<ul id=\"menu-2-2347156\" class=\"elementor-nav-menu\"><li class=\"menu-item menu-item-type-post_type menu-item-object-page menu-item-privacy-policy menu-item-994\"><a rel=\"privacy-policy\" href=\"https:\/\/tajvitclone.comandsee.website\/fr\/informations-tajima-europe\/mentions-legales\/\" class=\"elementor-item\" tabindex=\"-1\">Mentions l\u00e9gales<\/a><\/li>\n<li class=\"menu-item menu-item-type-post_type menu-item-object-page menu-item-1044\"><a href=\"https:\/\/tajvitclone.comandsee.website\/fr\/informations-tajima-europe\/recrutement\/\" class=\"elementor-item\" tabindex=\"-1\">Recrutement<\/a><\/li>\n<li class=\"menu-item menu-item-type-post_type menu-item-object-page menu-item-1086\"><a href=\"https:\/\/tajvitclone.comandsee.website\/fr\/informations-tajima-europe\/plan-de-site-tajima-europe-site-map\/\" class=\"elementor-item\" tabindex=\"-1\">Plan de site<\/a><\/li>\n<li class=\"menu-item menu-item-type-post_type menu-item-object-page menu-item-1100\"><a href=\"https:\/\/tajvitclone.comandsee.website\/fr\/informations-tajima-europe\/partenaires-de-tajima-europe\/\" class=\"elementor-item\" tabindex=\"-1\">Partenaires<\/a><\/li>\n<li class=\"menu-item menu-item-type-post_type menu-item-object-page menu-item-1479\"><a href=\"https:\/\/tajvitclone.comandsee.website\/fr\/informations-tajima-europe\/politique-de-confidentialite\/\" class=\"elementor-item\" tabindex=\"-1\">Confidentialit\u00e9<\/a><\/li>\n<\/ul>\t\t\t<\/nav>\n\t\t\t\t\t\t<\/div>\n\t\t\t\t<\/div>\n\t\t\t\t\t<\/div>\n\t\t<\/div>\n\t\t\t\t\t<\/div>\n\t\t<\/section>\n\t\t\t\t\t<\/div>\n\t\t<\/div>\n\t\t\t\t\t<\/div>\n\t\t<\/section>\n\t\t\t\t<\/div>\n\t\t","protected":false},"excerpt":{"rendered":"<p>Consultant(e) expriment\u00e9(e) CDI &#8211; Temps plein Plus de d\u00e9tails Je postule Stage en lorem ipsum dolor sit amet Stage &#8211; 3 \u00e0 9 mois Plus de d\u00e9tails Je postule<\/p>\n","protected":false},"author":2,"featured_media":0,"parent":850,"menu_order":0,"comment_status":"closed","ping_status":"closed","template":"elementor_header_footer","meta":{"_acf_changed":false,"neve_meta_sidebar":"","neve_meta_container":"","neve_meta_enable_content_width":"","neve_meta_content_width":0,"neve_meta_title_alignment":"","neve_meta_author_avatar":"","neve_post_elements_order":"","neve_meta_disable_header":"","neve_meta_disable_footer":"","neve_meta_disable_title":"","footnotes":""},"class_list":["post-1035","page","type-page","status-publish","hentry"],"acf":[],"yoast_head":"<!-- This site is optimized with the Yoast SEO plugin v27.4 - https:\/\/yoast.com\/product\/yoast-seo-wordpress\/ -->\n<title>Recrutement - Informations<\/title>\n<meta name=\"description\" content=\"Les postes ouverts au recrutements chez Tajima Europe sont propos\u00e9s sur cette page.\" \/>\n<meta name=\"robots\" content=\"index, follow, max-snippet:-1, max-image-preview:large, max-video-preview:-1\" \/>\n<link rel=\"canonical\" href=\"https:\/\/tajvitclone.comandsee.website\/fr\/informations-tajima-europe\/recrutement\/\" \/>\n<meta property=\"og:locale\" content=\"fr_FR\" \/>\n<meta property=\"og:type\" content=\"article\" \/>\n<meta property=\"og:title\" content=\"Recrutement - Informations\" \/>\n<meta property=\"og:description\" content=\"Les postes ouverts au recrutements chez Tajima Europe sont propos\u00e9s sur cette page.\" \/>\n<meta property=\"og:url\" content=\"https:\/\/tajvitclone.comandsee.website\/fr\/informations-tajima-europe\/recrutement\/\" \/>\n<meta property=\"og:site_name\" content=\"Tajima Europe\" \/>\n<meta property=\"article:modified_time\" content=\"2023-03-17T12:49:23+00:00\" \/>\n<meta property=\"og:image\" content=\"https:\/\/tajvitclone.comandsee.website\/wp-content\/uploads\/2022\/09\/favicon-Tajima.png\" \/>\n\t<meta property=\"og:image:width\" content=\"512\" \/>\n\t<meta property=\"og:image:height\" content=\"512\" \/>\n\t<meta property=\"og:image:type\" content=\"image\/png\" \/>\n<meta name=\"twitter:card\" content=\"summary_large_image\" \/>\n<meta name=\"twitter:label1\" content=\"Dur\u00e9e de lecture estim\u00e9e\" \/>\n\t<meta name=\"twitter:data1\" content=\"5 minutes\" \/>\n<script type=\"application\/ld+json\" class=\"yoast-schema-graph\">{\"@context\":\"https:\\\/\\\/schema.org\",\"@graph\":[{\"@type\":\"WebPage\",\"@id\":\"https:\\\/\\\/tajvitclone.comandsee.website\\\/fr\\\/informations-tajima-europe\\\/recrutement\\\/\",\"url\":\"https:\\\/\\\/tajvitclone.comandsee.website\\\/fr\\\/informations-tajima-europe\\\/recrutement\\\/\",\"name\":\"Recrutement - Informations\",\"isPartOf\":{\"@id\":\"https:\\\/\\\/tajvitclone.comandsee.website\\\/fr\\\/#website\"},\"datePublished\":\"2022-08-05T08:52:40+00:00\",\"dateModified\":\"2023-03-17T12:49:23+00:00\",\"description\":\"Les postes ouverts au recrutements chez Tajima Europe sont propos\u00e9s sur cette page.\",\"breadcrumb\":{\"@id\":\"https:\\\/\\\/tajvitclone.comandsee.website\\\/fr\\\/informations-tajima-europe\\\/recrutement\\\/#breadcrumb\"},\"inLanguage\":\"fr-FR\",\"potentialAction\":[{\"@type\":\"ReadAction\",\"target\":[\"https:\\\/\\\/tajvitclone.comandsee.website\\\/fr\\\/informations-tajima-europe\\\/recrutement\\\/\"]}]},{\"@type\":\"BreadcrumbList\",\"@id\":\"https:\\\/\\\/tajvitclone.comandsee.website\\\/fr\\\/informations-tajima-europe\\\/recrutement\\\/#breadcrumb\",\"itemListElement\":[{\"@type\":\"ListItem\",\"position\":1,\"name\":\"Accueil\",\"item\":\"https:\\\/\\\/tajvitclone.comandsee.website\\\/fr\\\/\"},{\"@type\":\"ListItem\",\"position\":2,\"name\":\"Informations\",\"item\":\"https:\\\/\\\/tajvitclone.comandsee.website\\\/fr\\\/informations-tajima-europe\\\/\"},{\"@type\":\"ListItem\",\"position\":3,\"name\":\"Recrutement\"}]},{\"@type\":\"WebSite\",\"@id\":\"https:\\\/\\\/tajvitclone.comandsee.website\\\/fr\\\/#website\",\"url\":\"https:\\\/\\\/tajvitclone.comandsee.website\\\/fr\\\/\",\"name\":\"Tajima Europe\",\"description\":\"Les experts outils dans les m\u00e9tiers de la broderie\",\"publisher\":{\"@id\":\"https:\\\/\\\/tajvitclone.comandsee.website\\\/fr\\\/#organization\"},\"potentialAction\":[{\"@type\":\"SearchAction\",\"target\":{\"@type\":\"EntryPoint\",\"urlTemplate\":\"https:\\\/\\\/tajvitclone.comandsee.website\\\/fr\\\/?s={search_term_string}\"},\"query-input\":{\"@type\":\"PropertyValueSpecification\",\"valueRequired\":true,\"valueName\":\"search_term_string\"}}],\"inLanguage\":\"fr-FR\"},{\"@type\":\"Organization\",\"@id\":\"https:\\\/\\\/tajvitclone.comandsee.website\\\/fr\\\/#organization\",\"name\":\"Tajima Europe\",\"url\":\"https:\\\/\\\/tajvitclone.comandsee.website\\\/fr\\\/\",\"logo\":{\"@type\":\"ImageObject\",\"inLanguage\":\"fr-FR\",\"@id\":\"https:\\\/\\\/tajvitclone.comandsee.website\\\/fr\\\/#\\\/schema\\\/logo\\\/image\\\/\",\"url\":\"https:\\\/\\\/tajvitclone.comandsee.website\\\/wp-content\\\/uploads\\\/2020\\\/03\\\/logo-mail.jpg\",\"contentUrl\":\"https:\\\/\\\/tajvitclone.comandsee.website\\\/wp-content\\\/uploads\\\/2020\\\/03\\\/logo-mail.jpg\",\"width\":179,\"height\":150,\"caption\":\"Tajima Europe\"},\"image\":{\"@id\":\"https:\\\/\\\/tajvitclone.comandsee.website\\\/fr\\\/#\\\/schema\\\/logo\\\/image\\\/\"}}]}<\/script>\n<!-- \/ Yoast SEO plugin. -->","yoast_head_json":{"title":"Recrutement - Informations","description":"Les postes ouverts au recrutements chez Tajima Europe sont propos\u00e9s sur cette page.","robots":{"index":"index","follow":"follow","max-snippet":"max-snippet:-1","max-image-preview":"max-image-preview:large","max-video-preview":"max-video-preview:-1"},"canonical":"https:\/\/tajvitclone.comandsee.website\/fr\/informations-tajima-europe\/recrutement\/","og_locale":"fr_FR","og_type":"article","og_title":"Recrutement - Informations","og_description":"Les postes ouverts au recrutements chez Tajima Europe sont propos\u00e9s sur cette page.","og_url":"https:\/\/tajvitclone.comandsee.website\/fr\/informations-tajima-europe\/recrutement\/","og_site_name":"Tajima Europe","article_modified_time":"2023-03-17T12:49:23+00:00","og_image":[{"width":512,"height":512,"url":"https:\/\/tajvitclone.comandsee.website\/wp-content\/uploads\/2022\/09\/favicon-Tajima.png","type":"image\/png"}],"twitter_card":"summary_large_image","twitter_misc":{"Dur\u00e9e de lecture estim\u00e9e":"5 minutes"},"schema":{"@context":"https:\/\/schema.org","@graph":[{"@type":"WebPage","@id":"https:\/\/tajvitclone.comandsee.website\/fr\/informations-tajima-europe\/recrutement\/","url":"https:\/\/tajvitclone.comandsee.website\/fr\/informations-tajima-europe\/recrutement\/","name":"Recrutement - Informations","isPartOf":{"@id":"https:\/\/tajvitclone.comandsee.website\/fr\/#website"},"datePublished":"2022-08-05T08:52:40+00:00","dateModified":"2023-03-17T12:49:23+00:00","description":"Les postes ouverts au recrutements chez Tajima Europe sont propos\u00e9s sur cette page.","breadcrumb":{"@id":"https:\/\/tajvitclone.comandsee.website\/fr\/informations-tajima-europe\/recrutement\/#breadcrumb"},"inLanguage":"fr-FR","potentialAction":[{"@type":"ReadAction","target":["https:\/\/tajvitclone.comandsee.website\/fr\/informations-tajima-europe\/recrutement\/"]}]},{"@type":"BreadcrumbList","@id":"https:\/\/tajvitclone.comandsee.website\/fr\/informations-tajima-europe\/recrutement\/#breadcrumb","itemListElement":[{"@type":"ListItem","position":1,"name":"Accueil","item":"https:\/\/tajvitclone.comandsee.website\/fr\/"},{"@type":"ListItem","position":2,"name":"Informations","item":"https:\/\/tajvitclone.comandsee.website\/fr\/informations-tajima-europe\/"},{"@type":"ListItem","position":3,"name":"Recrutement"}]},{"@type":"WebSite","@id":"https:\/\/tajvitclone.comandsee.website\/fr\/#website","url":"https:\/\/tajvitclone.comandsee.website\/fr\/","name":"Tajima Europe","description":"Les experts outils dans les m\u00e9tiers de la broderie","publisher":{"@id":"https:\/\/tajvitclone.comandsee.website\/fr\/#organization"},"potentialAction":[{"@type":"SearchAction","target":{"@type":"EntryPoint","urlTemplate":"https:\/\/tajvitclone.comandsee.website\/fr\/?s={search_term_string}"},"query-input":{"@type":"PropertyValueSpecification","valueRequired":true,"valueName":"search_term_string"}}],"inLanguage":"fr-FR"},{"@type":"Organization","@id":"https:\/\/tajvitclone.comandsee.website\/fr\/#organization","name":"Tajima Europe","url":"https:\/\/tajvitclone.comandsee.website\/fr\/","logo":{"@type":"ImageObject","inLanguage":"fr-FR","@id":"https:\/\/tajvitclone.comandsee.website\/fr\/#\/schema\/logo\/image\/","url":"https:\/\/tajvitclone.comandsee.website\/wp-content\/uploads\/2020\/03\/logo-mail.jpg","contentUrl":"https:\/\/tajvitclone.comandsee.website\/wp-content\/uploads\/2020\/03\/logo-mail.jpg","width":179,"height":150,"caption":"Tajima Europe"},"image":{"@id":"https:\/\/tajvitclone.comandsee.website\/fr\/#\/schema\/logo\/image\/"}}]}},"_links":{"self":[{"href":"https:\/\/tajvitclone.comandsee.website\/fr\/wp-json\/wp\/v2\/pages\/1035","targetHints":{"allow":["GET"]}}],"collection":[{"href":"https:\/\/tajvitclone.comandsee.website\/fr\/wp-json\/wp\/v2\/pages"}],"about":[{"href":"https:\/\/tajvitclone.comandsee.website\/fr\/wp-json\/wp\/v2\/types\/page"}],"author":[{"embeddable":true,"href":"https:\/\/tajvitclone.comandsee.website\/fr\/wp-json\/wp\/v2\/users\/2"}],"replies":[{"embeddable":true,"href":"https:\/\/tajvitclone.comandsee.website\/fr\/wp-json\/wp\/v2\/comments?post=1035"}],"version-history":[{"count":0,"href":"https:\/\/tajvitclone.comandsee.website\/fr\/wp-json\/wp\/v2\/pages\/1035\/revisions"}],"up":[{"embeddable":true,"href":"https:\/\/tajvitclone.comandsee.website\/fr\/wp-json\/wp\/v2\/pages\/850"}],"wp:attachment":[{"href":"https:\/\/tajvitclone.comandsee.website\/fr\/wp-json\/wp\/v2\/media?parent=1035"}],"curies":[{"name":"wp","href":"https:\/\/api.w.org\/{rel}","templated":true}]}}